{"id":16578,"date":"2025-05-29T05:45:43","date_gmt":"2025-05-29T05:45:43","guid":{"rendered":"https:\/\/nordenlor.ro\/?post_type=product&#038;p=16578"},"modified":"2025-05-29T05:45:43","modified_gmt":"2025-05-29T05:45:43","slug":"horn-schiedel","status":"publish","type":"product","link":"https:\/\/nordenlor.ro\/?product=horn-schiedel","title":{"rendered":"Horn Schiedel"},"content":{"rendered":"","protected":false},"excerpt":{"rendered":"<p>Cos de fum Schiedel are o arie de aplicabilitate foarte larg\u0103. Este recomandat surselor de \u00eenc\u0103lzire cu tiraj naturala gazelor de ardere, provenite din surse de c\u0103ldur\u0103 individuale (centrale termice pentru locuin\u0163e unifamiliale, diferite tipuri de sobe, \u015feminee) sau cazane de mare putere, prev\u0103zute cu arz\u0103tor atmosferic sau dotate cu sufl ant\u0103 \u015fi camer\u0103 de ardere \u00een suprapresiune.<\/p>\n","protected":false},"featured_media":16577,"comment_status":"open","ping_status":"closed","template":"","meta":[],"product_brand":[],"product_cat":[85],"product_tag":[],"class_list":{"0":"post-16578","1":"product","2":"type-product","3":"status-publish","4":"has-post-thumbnail","6":"product_cat-hornuri","8":"first","9":"instock","10":"shipping-taxable","11":"product-type-simple"},"_links":{"self":[{"href":"https:\/\/nordenlor.ro\/index.php?rest_route=\/wp\/v2\/product\/16578","targetHints":{"allow":["GET"]}}],"collection":[{"href":"https:\/\/nordenlor.ro\/index.php?rest_route=\/wp\/v2\/product"}],"about":[{"href":"https:\/\/nordenlor.ro\/index.php?rest_route=\/wp\/v2\/types\/product"}],"replies":[{"embeddable":true,"href":"https:\/\/nordenlor.ro\/index.php?rest_route=%2Fwp%2Fv2%2Fcomments&post=16578"}],"version-history":[{"count":0,"href":"https:\/\/nordenlor.ro\/index.php?rest_route=\/wp\/v2\/product\/16578\/revisions"}],"wp:featuredmedia":[{"embeddable":true,"href":"https:\/\/nordenlor.ro\/index.php?rest_route=\/wp\/v2\/media\/16577"}],"wp:attachment":[{"href":"https:\/\/nordenlor.ro\/index.php?rest_route=%2Fwp%2Fv2%2Fmedia&parent=16578"}],"wp:term":[{"taxonomy":"product_brand","embeddable":true,"href":"https:\/\/nordenlor.ro\/index.php?rest_route=%2Fwp%2Fv2%2Fproduct_brand&post=16578"},{"taxonomy":"product_cat","embeddable":true,"href":"https:\/\/nordenlor.ro\/index.php?rest_route=%2Fwp%2Fv2%2Fproduct_cat&post=16578"},{"taxonomy":"product_tag","embeddable":true,"href":"https:\/\/nordenlor.ro\/index.php?rest_route=%2Fwp%2Fv2%2Fproduct_tag&post=16578"}],"curies":[{"name":"wp","href":"https:\/\/api.w.org\/{rel}","templated":true}]}}