{"id":16544,"date":"2025-05-26T14:30:27","date_gmt":"2025-05-26T14:30:27","guid":{"rendered":"https:\/\/nordenlor.ro\/?product=pavaj-semmelrock-umbriano"},"modified":"2025-05-26T14:32:31","modified_gmt":"2025-05-26T14:32:31","slug":"pavaj-semmelrock-umbriano","status":"publish","type":"product","link":"https:\/\/nordenlor.ro\/?product=pavaj-semmelrock-umbriano","title":{"rendered":"Pavaj Semmelrock Umbriano"},"content":{"rendered":"","protected":false},"excerpt":{"rendered":"<p>Pavajul Umbriano \u00eentruchipeaz\u0103 fine\u021bea absolut\u0103 \u00een amenajarea suprafe\u021belor exterioare. Aspectul s\u0103u de marmur\u0103 t\u0103iat\u0103 drept \u0219i granula\u021bia foarte fin\u0103 de suprafa\u021b\u0103 fac din fiecare piatr\u0103 un unicat, ce satisface cele mai exigente gusturi \u00een materie de design exterior.<\/p>\n<p>Formele clare \u0219i simple, materiile prime utilizate, unicitatea fiec\u0103rei pietre, confer\u0103 un caracter exclusivist \u00eentregii game de pavaje Umbriano.<br \/>\nCaracteristici: \udb40\udc20<br \/>\n\u2022 aspect natural de marmur\u0103 \u2013 fiecare piatr\u0103 este un unicat<br \/>\n\u2022 \u00eentre\u0163inere u\u015foar\u0103 \u015fi aderen\u0163\u0103 redus\u0103 a murd\u0103riei pe suprafa\u0163\u0103 datorit\u0103 Semmelrock Protect\u00ae<br \/>\n\u2022 rezisten\u0163\u0103 sporit\u0103 la \u00eenghe\u0163 \u015fi solu\u021bii de degivrare pe baz\u0103 de clorur\u0103 de calciu<br \/>\n\u2022 rezisten\u0163\u0103 crescut\u0103 la uzur\u0103<\/p>\n","protected":false},"featured_media":16551,"comment_status":"closed","ping_status":"closed","template":"","meta":[],"product_brand":[],"product_cat":[78],"product_tag":[],"class_list":{"0":"post-16544","1":"product","2":"type-product","3":"status-publish","4":"has-post-thumbnail","6":"product_cat-pavaj","8":"first","9":"instock","10":"shipping-taxable","11":"product-type-simple"},"_links":{"self":[{"href":"https:\/\/nordenlor.ro\/index.php?rest_route=\/wp\/v2\/product\/16544","targetHints":{"allow":["GET"]}}],"collection":[{"href":"https:\/\/nordenlor.ro\/index.php?rest_route=\/wp\/v2\/product"}],"about":[{"href":"https:\/\/nordenlor.ro\/index.php?rest_route=\/wp\/v2\/types\/product"}],"replies":[{"embeddable":true,"href":"https:\/\/nordenlor.ro\/index.php?rest_route=%2Fwp%2Fv2%2Fcomments&post=16544"}],"version-history":[{"count":0,"href":"https:\/\/nordenlor.ro\/index.php?rest_route=\/wp\/v2\/product\/16544\/revisions"}],"wp:featuredmedia":[{"embeddable":true,"href":"https:\/\/nordenlor.ro\/index.php?rest_route=\/wp\/v2\/media\/16551"}],"wp:attachment":[{"href":"https:\/\/nordenlor.ro\/index.php?rest_route=%2Fwp%2Fv2%2Fmedia&parent=16544"}],"wp:term":[{"taxonomy":"product_brand","embeddable":true,"href":"https:\/\/nordenlor.ro\/index.php?rest_route=%2Fwp%2Fv2%2Fproduct_brand&post=16544"},{"taxonomy":"product_cat","embeddable":true,"href":"https:\/\/nordenlor.ro\/index.php?rest_route=%2Fwp%2Fv2%2Fproduct_cat&post=16544"},{"taxonomy":"product_tag","embeddable":true,"href":"https:\/\/nordenlor.ro\/index.php?rest_route=%2Fwp%2Fv2%2Fproduct_tag&post=16544"}],"curies":[{"name":"wp","href":"https:\/\/api.w.org\/{rel}","templated":true}]}}