{"id":16522,"date":"2025-05-26T07:53:20","date_gmt":"2025-05-26T07:53:20","guid":{"rendered":"https:\/\/nordenlor.ro\/?post_type=product&#038;p=16522"},"modified":"2025-05-26T07:56:26","modified_gmt":"2025-05-26T07:56:26","slug":"bramac-alpina","status":"publish","type":"product","link":"https:\/\/nordenlor.ro\/?product=bramac-alpina","title":{"rendered":"Bramac Alpina"},"content":{"rendered":"","protected":false},"excerpt":{"rendered":"<p>Profilul \u021biglei<strong>\u00a0Alpina Clasic\u00a0<\/strong>reprezint\u0103 frumuse\u021bea clasic\u0103 ce se adapteaz\u0103 oric\u0103rui tip de arhitectur\u0103. Curbele bl\u00e2nde ale acoperi\u0219ului redau un aspect armonios at\u00e2t \u00een cazul cl\u0103dirilor noi, c\u00e2t \u0219i \u00een cazul renov\u0103rilor. Gama variat\u0103 de culori din care po\u021bi alege este \u00eenso\u021bit\u0103 de \u00eentregul sistem de accesorii \u0219i de garan\u021bia de 30 de ani.<\/p>\n<p>Pe l\u00e2ng\u0103 beneficiile tehnice ale \u021biglei din beton, Alpina Clasic vine la pachet cu dou\u0103 suprafe\u021be premium,\u00a0<strong>suprafa\u021ba Protector Plus \u0219i suprafa\u021ba Protector,<\/strong>\u00a0dintre care o po\u021bi alege pe cea potrivit\u0103 nevoilor tale.<\/p>\n<p><strong>\u021aigla Alpina Clasic este disponibil\u0103 \u00een toate culorile at\u00e2t cu suprafa\u021ba Protector, c\u00e2t \u0219i cu Suprafa\u021ba Protector Plus.<\/strong><\/p>\n","protected":false},"featured_media":16523,"comment_status":"closed","ping_status":"closed","template":"","meta":[],"product_brand":[],"product_cat":[75],"product_tag":[],"class_list":{"0":"post-16522","1":"product","2":"type-product","3":"status-publish","4":"has-post-thumbnail","6":"product_cat-invelitori-de-beton","8":"first","9":"instock","10":"shipping-taxable","11":"product-type-simple"},"_links":{"self":[{"href":"https:\/\/nordenlor.ro\/index.php?rest_route=\/wp\/v2\/product\/16522","targetHints":{"allow":["GET"]}}],"collection":[{"href":"https:\/\/nordenlor.ro\/index.php?rest_route=\/wp\/v2\/product"}],"about":[{"href":"https:\/\/nordenlor.ro\/index.php?rest_route=\/wp\/v2\/types\/product"}],"replies":[{"embeddable":true,"href":"https:\/\/nordenlor.ro\/index.php?rest_route=%2Fwp%2Fv2%2Fcomments&post=16522"}],"version-history":[{"count":0,"href":"https:\/\/nordenlor.ro\/index.php?rest_route=\/wp\/v2\/product\/16522\/revisions"}],"wp:featuredmedia":[{"embeddable":true,"href":"https:\/\/nordenlor.ro\/index.php?rest_route=\/wp\/v2\/media\/16523"}],"wp:attachment":[{"href":"https:\/\/nordenlor.ro\/index.php?rest_route=%2Fwp%2Fv2%2Fmedia&parent=16522"}],"wp:term":[{"taxonomy":"product_brand","embeddable":true,"href":"https:\/\/nordenlor.ro\/index.php?rest_route=%2Fwp%2Fv2%2Fproduct_brand&post=16522"},{"taxonomy":"product_cat","embeddable":true,"href":"https:\/\/nordenlor.ro\/index.php?rest_route=%2Fwp%2Fv2%2Fproduct_cat&post=16522"},{"taxonomy":"product_tag","embeddable":true,"href":"https:\/\/nordenlor.ro\/index.php?rest_route=%2Fwp%2Fv2%2Fproduct_tag&post=16522"}],"curies":[{"name":"wp","href":"https:\/\/api.w.org\/{rel}","templated":true}]}}