{"id":16229,"date":"2025-05-12T04:39:02","date_gmt":"2025-05-12T04:39:02","guid":{"rendered":"https:\/\/www.nordenlor.ro\/?post_type=product&#038;p=16229"},"modified":"2025-05-16T07:29:58","modified_gmt":"2025-05-16T07:29:58","slug":"tevi-si-profile-metalice","status":"publish","type":"product","link":"https:\/\/nordenlor.ro\/?product=tevi-si-profile-metalice","title":{"rendered":"Tevi si profile metalice"},"content":{"rendered":"","protected":false},"excerpt":{"rendered":"<p class=\"\" data-start=\"93\" data-end=\"170\"><strong data-start=\"93\" data-end=\"170\">\u021aevi \u0219i profile metalice \u2013 elemente esen\u021biale pentru structuri rezistente<\/strong><\/p>\n<p class=\"\" data-start=\"172\" data-end=\"498\">\u021aevile \u0219i profilele metalice sunt componente indispensabile \u00een construc\u021bii, folosite pentru realizarea structurilor portante, schelelor, cadrului cl\u0103dirilor sau a altor elemente de sus\u021binere. Confec\u021bionate din o\u021bel de calitate superioar\u0103, aceste produse ofer\u0103 durabilitate, rezisten\u021b\u0103 mecanic\u0103 ridicat\u0103 \u0219i stabilitate \u00een timp.<\/p>\n<p class=\"\" data-start=\"500\" data-end=\"719\"><strong data-start=\"500\" data-end=\"524\">Domenii de utilizare<\/strong><br data-start=\"524\" data-end=\"527\" \/>Sunt utilizate pe scar\u0103 larg\u0103 \u00een construc\u021bii reziden\u021biale, industriale \u0219i civile, pentru armarea \u0219i \u00eenchiderea spa\u021biilor, sisteme de sus\u021binere, structuri metalice, acoperi\u0219uri \u0219i multe altele.<\/p>\n<p class=\"\" data-start=\"721\" data-end=\"1053\"><strong data-start=\"721\" data-end=\"744\">Avantaje principale<\/strong><br data-start=\"744\" data-end=\"747\" \/>\u021aevile \u0219i profilele metalice se prelucreaz\u0103 u\u0219or, permit sudarea \u0219i montajul rapid, oferind o solu\u021bie versatil\u0103 \u0219i eficient\u0103 pentru diverse tipuri de proiecte. Materialul este rezistent la solicit\u0103ri mecanice, coroziune (dac\u0103 este tratat corespunz\u0103tor) \u0219i asigur\u0103 o baz\u0103 solid\u0103 pentru construc\u021bii durabile.<\/p>\n","protected":false},"featured_media":16230,"comment_status":"open","ping_status":"closed","template":"","meta":[],"product_brand":[],"product_cat":[71],"product_tag":[],"class_list":{"0":"post-16229","1":"product","2":"type-product","3":"status-publish","4":"has-post-thumbnail","6":"product_cat-fier-si-plase-sudate","8":"first","9":"instock","10":"shipping-taxable","11":"product-type-simple"},"_links":{"self":[{"href":"https:\/\/nordenlor.ro\/index.php?rest_route=\/wp\/v2\/product\/16229","targetHints":{"allow":["GET"]}}],"collection":[{"href":"https:\/\/nordenlor.ro\/index.php?rest_route=\/wp\/v2\/product"}],"about":[{"href":"https:\/\/nordenlor.ro\/index.php?rest_route=\/wp\/v2\/types\/product"}],"replies":[{"embeddable":true,"href":"https:\/\/nordenlor.ro\/index.php?rest_route=%2Fwp%2Fv2%2Fcomments&post=16229"}],"version-history":[{"count":0,"href":"https:\/\/nordenlor.ro\/index.php?rest_route=\/wp\/v2\/product\/16229\/revisions"}],"wp:featuredmedia":[{"embeddable":true,"href":"https:\/\/nordenlor.ro\/index.php?rest_route=\/wp\/v2\/media\/16230"}],"wp:attachment":[{"href":"https:\/\/nordenlor.ro\/index.php?rest_route=%2Fwp%2Fv2%2Fmedia&parent=16229"}],"wp:term":[{"taxonomy":"product_brand","embeddable":true,"href":"https:\/\/nordenlor.ro\/index.php?rest_route=%2Fwp%2Fv2%2Fproduct_brand&post=16229"},{"taxonomy":"product_cat","embeddable":true,"href":"https:\/\/nordenlor.ro\/index.php?rest_route=%2Fwp%2Fv2%2Fproduct_cat&post=16229"},{"taxonomy":"product_tag","embeddable":true,"href":"https:\/\/nordenlor.ro\/index.php?rest_route=%2Fwp%2Fv2%2Fproduct_tag&post=16229"}],"curies":[{"name":"wp","href":"https:\/\/api.w.org\/{rel}","templated":true}]}}