{"id":16165,"date":"2025-05-05T20:26:32","date_gmt":"2025-05-05T20:26:32","guid":{"rendered":"https:\/\/www.nordenlor.ro\/?post_type=product&#038;p=16165"},"modified":"2025-05-16T07:06:43","modified_gmt":"2025-05-16T07:06:43","slug":"tabla-cutata-wetterbest","status":"publish","type":"product","link":"https:\/\/nordenlor.ro\/?product=tabla-cutata-wetterbest","title":{"rendered":"Tabla cutata Wetterbest"},"content":{"rendered":"","protected":false},"excerpt":{"rendered":"<p class=\"\" data-start=\"153\" data-end=\"237\"><strong data-start=\"153\" data-end=\"237\">Panouri de tabl\u0103 cutat\u0103 Wetterbest \u2013 rezisten\u021b\u0103, durabilitate \u0219i montaj eficient<\/strong><\/p>\n<p class=\"\" data-start=\"239\" data-end=\"540\">Panourile de tabl\u0103 cutat\u0103 marca Wetterbest sunt realizate din o\u021bel galvanizat la cald, un material recunoscut pentru rezisten\u021ba sa ridicat\u0103 la coroziune \u0219i uzur\u0103. Aceste panouri au o greutate redus\u0103, ceea ce le face u\u0219or de manevrat \u0219i ideale pentru acoperi\u0219uri sau fa\u021bade montate pe structuri u\u0219oare.<\/p>\n<p class=\"\" data-start=\"542\" data-end=\"831\">Cu o mas\u0103 specific\u0103 de aproximativ 5 kg\/mp, tabla cutat\u0103 ofer\u0103 o solu\u021bie practic\u0103 \u0219i economic\u0103, reduc\u00e2nd semnificativ costurile de transport \u0219i timpul de instalare. Datorit\u0103 profil\u0103rii \u00een cut\u0103, panourile se \u00eembin\u0103 rapid \u0219i precis, cre\u00e2nd o suprafa\u021b\u0103 etan\u0219\u0103 care \u00eempiedic\u0103 infiltrarea apei.<\/p>\n<p class=\"\" data-start=\"833\" data-end=\"1132\">Aceast\u0103 form\u0103 ondulat\u0103 contribuie \u0219i la cre\u0219terea capacit\u0103\u021bii portante, oferind un plus de stabilitate \u0219i rezisten\u021b\u0103 la sarcini mecanice. \u00cen plus, tabla cutat\u0103 Wetterbest face fa\u021b\u0103 cu succes condi\u021biilor meteo severe, fiind o alegere durabil\u0103 pentru proiecte reziden\u021biale, comerciale sau industriale.<\/p>\n<p class=\"\" data-start=\"1134\" data-end=\"1258\">Aleg\u00e2nd acest sistem, investi\u021bia se amortizeaz\u0103 \u00een timp, datorit\u0103 longevit\u0103\u021bii materialului \u0219i \u00eentre\u021binerii minime necesare.<\/p>\n","protected":false},"featured_media":16234,"comment_status":"closed","ping_status":"closed","template":"","meta":[],"product_brand":[],"product_cat":[77],"product_tag":[],"class_list":{"0":"post-16165","1":"product","2":"type-product","3":"status-publish","4":"has-post-thumbnail","6":"product_cat-imprejmuiri","8":"first","9":"instock","10":"shipping-taxable","11":"product-type-simple"},"_links":{"self":[{"href":"https:\/\/nordenlor.ro\/index.php?rest_route=\/wp\/v2\/product\/16165","targetHints":{"allow":["GET"]}}],"collection":[{"href":"https:\/\/nordenlor.ro\/index.php?rest_route=\/wp\/v2\/product"}],"about":[{"href":"https:\/\/nordenlor.ro\/index.php?rest_route=\/wp\/v2\/types\/product"}],"replies":[{"embeddable":true,"href":"https:\/\/nordenlor.ro\/index.php?rest_route=%2Fwp%2Fv2%2Fcomments&post=16165"}],"version-history":[{"count":0,"href":"https:\/\/nordenlor.ro\/index.php?rest_route=\/wp\/v2\/product\/16165\/revisions"}],"wp:featuredmedia":[{"embeddable":true,"href":"https:\/\/nordenlor.ro\/index.php?rest_route=\/wp\/v2\/media\/16234"}],"wp:attachment":[{"href":"https:\/\/nordenlor.ro\/index.php?rest_route=%2Fwp%2Fv2%2Fmedia&parent=16165"}],"wp:term":[{"taxonomy":"product_brand","embeddable":true,"href":"https:\/\/nordenlor.ro\/index.php?rest_route=%2Fwp%2Fv2%2Fproduct_brand&post=16165"},{"taxonomy":"product_cat","embeddable":true,"href":"https:\/\/nordenlor.ro\/index.php?rest_route=%2Fwp%2Fv2%2Fproduct_cat&post=16165"},{"taxonomy":"product_tag","embeddable":true,"href":"https:\/\/nordenlor.ro\/index.php?rest_route=%2Fwp%2Fv2%2Fproduct_tag&post=16165"}],"curies":[{"name":"wp","href":"https:\/\/api.w.org\/{rel}","templated":true}]}}