{"id":16126,"date":"2025-05-05T20:26:27","date_gmt":"2025-05-05T20:26:27","guid":{"rendered":"https:\/\/www.nordenlor.ro\/?post_type=product&#038;p=16126"},"modified":"2025-05-16T07:27:26","modified_gmt":"2025-05-16T07:27:26","slug":"polistiren-extrudat","status":"publish","type":"product","link":"https:\/\/nordenlor.ro\/?product=polistiren-extrudat","title":{"rendered":"Polistiren extrudat"},"content":{"rendered":"","protected":false},"excerpt":{"rendered":"<p class=\"\" data-start=\"75\" data-end=\"142\"><strong data-start=\"75\" data-end=\"142\">Pl\u0103ci de polistiren extrudat \u2013 izola\u021bie performant\u0103 \u0219i durabil\u0103<\/strong><\/p>\n<p class=\"\" data-start=\"144\" data-end=\"468\">Pl\u0103cile de polistiren extrudat sunt realizate printr-un proces special de extrudare, care confer\u0103 materialului o structur\u0103 dens\u0103 \u0219i omogen\u0103, cu o suprafa\u021b\u0103 neted\u0103 \u0219i rezistent\u0103. Acest tip de polistiren ofer\u0103 o izola\u021bie termic\u0103 superioar\u0103, fiind ideal pentru proiecte ce necesit\u0103 performan\u021b\u0103 ridicat\u0103 \u0219i durabilitate \u00een timp.<\/p>\n<p class=\"\" data-start=\"470\" data-end=\"665\"><strong data-start=\"470\" data-end=\"494\">Domenii de utilizare<\/strong><br data-start=\"494\" data-end=\"497\" \/>Pot fi utilizate pentru izolarea pere\u021bilor, funda\u021biilor, plan\u0219eelor, acoperi\u0219urilor \u0219i pardoselilor, oferind protec\u021bie \u00eempotriva umidit\u0103\u021bii \u0219i a solicit\u0103rilor mecanice.<\/p>\n<p class=\"\" data-start=\"667\" data-end=\"1004\"><strong data-start=\"667\" data-end=\"690\">Avantaje principale<\/strong><br data-start=\"690\" data-end=\"693\" \/>Polistirenul extrudat este rezistent la ap\u0103 \u0219i umiditate, av\u00e2nd o permeabilitate foarte redus\u0103 la vapori. Este robust, u\u0219or de prelucrat \u0219i asigur\u0103 o excelent\u0103 protec\u021bie termic\u0103 chiar \u0219i \u00een condi\u021bii extreme. Produsul este durabil, nu se deterioreaz\u0103 \u00een timp \u0219i contribuie la eficien\u021ba energetic\u0103 a cl\u0103dirilor.<\/p>\n","protected":false},"featured_media":15838,"comment_status":"closed","ping_status":"closed","template":"","meta":[],"product_brand":[],"product_cat":[84],"product_tag":[],"class_list":{"0":"post-16126","1":"product","2":"type-product","3":"status-publish","4":"has-post-thumbnail","6":"product_cat-izolatii-interioare-si-exterioare","8":"first","9":"instock","10":"shipping-taxable","11":"product-type-simple"},"_links":{"self":[{"href":"https:\/\/nordenlor.ro\/index.php?rest_route=\/wp\/v2\/product\/16126","targetHints":{"allow":["GET"]}}],"collection":[{"href":"https:\/\/nordenlor.ro\/index.php?rest_route=\/wp\/v2\/product"}],"about":[{"href":"https:\/\/nordenlor.ro\/index.php?rest_route=\/wp\/v2\/types\/product"}],"replies":[{"embeddable":true,"href":"https:\/\/nordenlor.ro\/index.php?rest_route=%2Fwp%2Fv2%2Fcomments&post=16126"}],"version-history":[{"count":0,"href":"https:\/\/nordenlor.ro\/index.php?rest_route=\/wp\/v2\/product\/16126\/revisions"}],"wp:featuredmedia":[{"embeddable":true,"href":"https:\/\/nordenlor.ro\/index.php?rest_route=\/wp\/v2\/media\/15838"}],"wp:attachment":[{"href":"https:\/\/nordenlor.ro\/index.php?rest_route=%2Fwp%2Fv2%2Fmedia&parent=16126"}],"wp:term":[{"taxonomy":"product_brand","embeddable":true,"href":"https:\/\/nordenlor.ro\/index.php?rest_route=%2Fwp%2Fv2%2Fproduct_brand&post=16126"},{"taxonomy":"product_cat","embeddable":true,"href":"https:\/\/nordenlor.ro\/index.php?rest_route=%2Fwp%2Fv2%2Fproduct_cat&post=16126"},{"taxonomy":"product_tag","embeddable":true,"href":"https:\/\/nordenlor.ro\/index.php?rest_route=%2Fwp%2Fv2%2Fproduct_tag&post=16126"}],"curies":[{"name":"wp","href":"https:\/\/api.w.org\/{rel}","templated":true}]}}