{"id":16125,"date":"2025-05-05T20:26:27","date_gmt":"2025-05-05T20:26:27","guid":{"rendered":"https:\/\/www.nordenlor.ro\/?post_type=product&#038;p=16125"},"modified":"2025-05-16T07:26:15","modified_gmt":"2025-05-16T07:26:15","slug":"polistiren-expandat","status":"publish","type":"product","link":"https:\/\/nordenlor.ro\/?product=polistiren-expandat","title":{"rendered":"Polistiren expandat"},"content":{"rendered":"","protected":false},"excerpt":{"rendered":"<p class=\"\" data-start=\"93\" data-end=\"165\"><strong data-start=\"93\" data-end=\"165\">Pl\u0103ci de polistiren expandat \u2013 solu\u021bie eficient\u0103 pentru termoizolare<\/strong><\/p>\n<p class=\"\" data-start=\"167\" data-end=\"456\">Pl\u0103cile de polistiren expandat sunt ob\u021binute prin procesarea polistirenului ignifugat \u0219i au o form\u0103 rectangular\u0103, cu suprafa\u021b\u0103 neted\u0103, f\u0103r\u0103 denivel\u0103ri sau abateri dimensionale semnificative. Fiind detensionate, acestea \u00ee\u0219i p\u0103streaz\u0103 forma \u00een timp, prevenind apari\u021bia fisurilor \u00een izola\u021bie.<\/p>\n<p class=\"\" data-start=\"458\" data-end=\"583\"><strong data-start=\"458\" data-end=\"483\">Utilizare recomandat\u0103<\/strong><br data-start=\"483\" data-end=\"486\" \/>Pot fi folosite cu succes la termoizolarea pere\u021bilor tip cortin\u0103, \u00een sisteme de fa\u021bad\u0103 ventilat\u0103.<\/p>\n<p class=\"\" data-start=\"585\" data-end=\"1019\"><strong data-start=\"585\" data-end=\"609\">Beneficii principale<\/strong><br data-start=\"609\" data-end=\"612\" \/>Pl\u0103cile sunt u\u0219or de manevrat \u0219i t\u0103iat, rezistente la umezeal\u0103, f\u0103r\u0103 a necesita folie barier\u0103 de vapori. Datorit\u0103 structurii microporoase, permit difuzia vaporilor de ap\u0103, oferind o bun\u0103 respirabilitate peretelui \u0219i prevenind acumularea de umiditate. Sunt compatibile cu vopsele acrilice f\u0103r\u0103 solven\u021bi \u0219i se remarc\u0103 prin eficien\u021b\u0103 ecologic\u0103 ridicat\u0103, av\u00e2nd un proces de produc\u021bie cu consum redus de energie.<\/p>\n","protected":false},"featured_media":15836,"comment_status":"closed","ping_status":"closed","template":"","meta":[],"product_brand":[],"product_cat":[84],"product_tag":[],"class_list":{"0":"post-16125","1":"product","2":"type-product","3":"status-publish","4":"has-post-thumbnail","6":"product_cat-izolatii-interioare-si-exterioare","8":"first","9":"instock","10":"shipping-taxable","11":"product-type-simple"},"_links":{"self":[{"href":"https:\/\/nordenlor.ro\/index.php?rest_route=\/wp\/v2\/product\/16125","targetHints":{"allow":["GET"]}}],"collection":[{"href":"https:\/\/nordenlor.ro\/index.php?rest_route=\/wp\/v2\/product"}],"about":[{"href":"https:\/\/nordenlor.ro\/index.php?rest_route=\/wp\/v2\/types\/product"}],"replies":[{"embeddable":true,"href":"https:\/\/nordenlor.ro\/index.php?rest_route=%2Fwp%2Fv2%2Fcomments&post=16125"}],"version-history":[{"count":0,"href":"https:\/\/nordenlor.ro\/index.php?rest_route=\/wp\/v2\/product\/16125\/revisions"}],"wp:featuredmedia":[{"embeddable":true,"href":"https:\/\/nordenlor.ro\/index.php?rest_route=\/wp\/v2\/media\/15836"}],"wp:attachment":[{"href":"https:\/\/nordenlor.ro\/index.php?rest_route=%2Fwp%2Fv2%2Fmedia&parent=16125"}],"wp:term":[{"taxonomy":"product_brand","embeddable":true,"href":"https:\/\/nordenlor.ro\/index.php?rest_route=%2Fwp%2Fv2%2Fproduct_brand&post=16125"},{"taxonomy":"product_cat","embeddable":true,"href":"https:\/\/nordenlor.ro\/index.php?rest_route=%2Fwp%2Fv2%2Fproduct_cat&post=16125"},{"taxonomy":"product_tag","embeddable":true,"href":"https:\/\/nordenlor.ro\/index.php?rest_route=%2Fwp%2Fv2%2Fproduct_tag&post=16125"}],"curies":[{"name":"wp","href":"https:\/\/api.w.org\/{rel}","templated":true}]}}