{"id":16122,"date":"2025-05-05T20:26:27","date_gmt":"2025-05-05T20:26:27","guid":{"rendered":"https:\/\/www.nordenlor.ro\/?post_type=product&#038;p=16122"},"modified":"2025-05-05T20:26:30","modified_gmt":"2025-05-05T20:26:30","slug":"sistem-horn-leier","status":"publish","type":"product","link":"https:\/\/nordenlor.ro\/?product=sistem-horn-leier","title":{"rendered":"Sistem horn Leier"},"content":{"rendered":"","protected":false},"excerpt":{"rendered":"<p>Sistemul Leier LSK, co\u0219 de fum termoizolat, este co\u0219ul de fum ideal al caselor familiale. Din punctul de vedere al combustibilului utilizat asigur\u0103 o libertate deplin\u0103 de alegere. \u00cen cazul \u00een care mantalele exterioare includ \u0219i un canal de ventilare, \u00een condi\u021bii corespunz\u0103toare din punct de vedere al solu\u021biei constructive a sursei de c\u0103ldur\u0103, pot asigura aerul necesar proceselor de ardere din exteriorul cl\u0103dirii.<\/p>\n<p>Domenii de utilizare:  cazane cu combustibil solid, lemn, c\u0103rbune, pele\u021bi, cazane cu arz\u0103tor mixt, \u0219eminee \u0219i sobe de diferite tipuri, fabricate \u00een serie sau construite la fa\u021ba locului<\/p>\n","protected":false},"featured_media":15909,"comment_status":"closed","ping_status":"closed","template":"","meta":[],"product_brand":[],"product_cat":[85],"product_tag":[],"class_list":{"0":"post-16122","1":"product","2":"type-product","3":"status-publish","4":"has-post-thumbnail","6":"product_cat-hornuri","8":"first","9":"instock","10":"shipping-taxable","11":"product-type-simple"},"_links":{"self":[{"href":"https:\/\/nordenlor.ro\/index.php?rest_route=\/wp\/v2\/product\/16122","targetHints":{"allow":["GET"]}}],"collection":[{"href":"https:\/\/nordenlor.ro\/index.php?rest_route=\/wp\/v2\/product"}],"about":[{"href":"https:\/\/nordenlor.ro\/index.php?rest_route=\/wp\/v2\/types\/product"}],"replies":[{"embeddable":true,"href":"https:\/\/nordenlor.ro\/index.php?rest_route=%2Fwp%2Fv2%2Fcomments&post=16122"}],"version-history":[{"count":0,"href":"https:\/\/nordenlor.ro\/index.php?rest_route=\/wp\/v2\/product\/16122\/revisions"}],"wp:featuredmedia":[{"embeddable":true,"href":"https:\/\/nordenlor.ro\/index.php?rest_route=\/wp\/v2\/media\/15909"}],"wp:attachment":[{"href":"https:\/\/nordenlor.ro\/index.php?rest_route=%2Fwp%2Fv2%2Fmedia&parent=16122"}],"wp:term":[{"taxonomy":"product_brand","embeddable":true,"href":"https:\/\/nordenlor.ro\/index.php?rest_route=%2Fwp%2Fv2%2Fproduct_brand&post=16122"},{"taxonomy":"product_cat","embeddable":true,"href":"https:\/\/nordenlor.ro\/index.php?rest_route=%2Fwp%2Fv2%2Fproduct_cat&post=16122"},{"taxonomy":"product_tag","embeddable":true,"href":"https:\/\/nordenlor.ro\/index.php?rest_route=%2Fwp%2Fv2%2Fproduct_tag&post=16122"}],"curies":[{"name":"wp","href":"https:\/\/api.w.org\/{rel}","templated":true}]}}