{"id":16120,"date":"2025-05-05T20:26:27","date_gmt":"2025-05-05T20:26:27","guid":{"rendered":"https:\/\/www.nordenlor.ro\/?post_type=product&#038;p=16120"},"modified":"2025-05-05T20:26:29","modified_gmt":"2025-05-05T20:26:29","slug":"pavaj-leier-serpentino","status":"publish","type":"product","link":"https:\/\/nordenlor.ro\/?product=pavaj-leier-serpentino","title":{"rendered":"Pavaj Leier Serpentino"},"content":{"rendered":"","protected":false},"excerpt":{"rendered":"<p>Gama de dale \u0219i pavele Leier este o combina\u021bie perfect\u0103 \u00eentre estetic\u0103 \u0219i func\u021bionalitate, aduc\u00e2nd un plus de valoare oric\u0103rui proiect de amenajare.<br \/>\nIndiferent dac\u0103 dori\u021bi s\u0103 crea\u021bi o teras\u0103 elegant\u0103, un drum de acces practic sau o zon\u0103 de relaxare \u00een gr\u0103din\u0103, gama de dale \u0219i pavele Leier v\u0103 ofer\u0103 solu\u021bii versatile \u0219i de \u00eencredere pentru a v\u0103 realiza viziunea. Alege\u021bi Leier pentru calitate \u0219i stil \u00een amenajarea exterioar\u0103 a spa\u021biului dumneavoastr\u0103! Cu pavajul Leier SERPENTINO se poate crea \u00eentr-un mod economic, un pavaj stabil, estetic \u0219i durabil.<\/p>\n<p>Recunoscute pentru rezisten\u0163a lor, pavelele Leier SERPENTINO<br \/>\nse disting prin calitate, cromatic\u0103, form\u0103, dar \u0219i func\u0163ionalitate.<\/p>\n<p>Potrivite pentru amenaj\u0103ri clasice, pavelele SERPENTINO se pot utiliza pentru cur\u021bi, terase sau zone pietonale.<\/p>\n","protected":false},"featured_media":15811,"comment_status":"closed","ping_status":"closed","template":"","meta":[],"product_brand":[],"product_cat":[78],"product_tag":[],"class_list":{"0":"post-16120","1":"product","2":"type-product","3":"status-publish","4":"has-post-thumbnail","6":"product_cat-pavaj","8":"first","9":"instock","10":"shipping-taxable","11":"product-type-simple"},"_links":{"self":[{"href":"https:\/\/nordenlor.ro\/index.php?rest_route=\/wp\/v2\/product\/16120","targetHints":{"allow":["GET"]}}],"collection":[{"href":"https:\/\/nordenlor.ro\/index.php?rest_route=\/wp\/v2\/product"}],"about":[{"href":"https:\/\/nordenlor.ro\/index.php?rest_route=\/wp\/v2\/types\/product"}],"replies":[{"embeddable":true,"href":"https:\/\/nordenlor.ro\/index.php?rest_route=%2Fwp%2Fv2%2Fcomments&post=16120"}],"version-history":[{"count":0,"href":"https:\/\/nordenlor.ro\/index.php?rest_route=\/wp\/v2\/product\/16120\/revisions"}],"wp:featuredmedia":[{"embeddable":true,"href":"https:\/\/nordenlor.ro\/index.php?rest_route=\/wp\/v2\/media\/15811"}],"wp:attachment":[{"href":"https:\/\/nordenlor.ro\/index.php?rest_route=%2Fwp%2Fv2%2Fmedia&parent=16120"}],"wp:term":[{"taxonomy":"product_brand","embeddable":true,"href":"https:\/\/nordenlor.ro\/index.php?rest_route=%2Fwp%2Fv2%2Fproduct_brand&post=16120"},{"taxonomy":"product_cat","embeddable":true,"href":"https:\/\/nordenlor.ro\/index.php?rest_route=%2Fwp%2Fv2%2Fproduct_cat&post=16120"},{"taxonomy":"product_tag","embeddable":true,"href":"https:\/\/nordenlor.ro\/index.php?rest_route=%2Fwp%2Fv2%2Fproduct_tag&post=16120"}],"curies":[{"name":"wp","href":"https:\/\/api.w.org\/{rel}","templated":true}]}}