{"id":16119,"date":"2025-05-05T20:26:27","date_gmt":"2025-05-05T20:26:27","guid":{"rendered":"https:\/\/www.nordenlor.ro\/?post_type=product&#038;p=16119"},"modified":"2025-05-05T20:26:29","modified_gmt":"2025-05-05T20:26:29","slug":"pavaj-leier-taverna","status":"publish","type":"product","link":"https:\/\/nordenlor.ro\/?product=pavaj-leier-taverna","title":{"rendered":"Pavaj Leier Taverna"},"content":{"rendered":"","protected":false},"excerpt":{"rendered":"<p>Gama de dale \u0219i pavele Leier este o combina\u021bie perfect\u0103 \u00eentre estetic\u0103 \u0219i func\u021bionalitate, aduc\u00e2nd un plus de valoare oric\u0103rui proiect de amenajare.<br \/>\nIndiferent dac\u0103 dori\u021bi s\u0103 crea\u021bi o teras\u0103 elegant\u0103, un drum de acces practic sau o zon\u0103 de relaxare \u00een gr\u0103din\u0103, gama de dale \u0219i pavele Leier v\u0103 ofer\u0103 solu\u021bii versatile \u0219i de \u00eencredere pentru a v\u0103 realiza viziunea. Alege\u021bi Leier pentru calitate \u0219i stil \u00een amenajarea exterioar\u0103 a spa\u021biului dumneavoastr\u0103! O versiune la fel de atractiv\u0103 ca TAVERNA GIGANT este TAVERNA<br \/>\nClasic, \u00een dimensiuni mai mici \u0219i cu o varietate mai mare de culori.<\/p>\n<p>Betonul folosit este de \u00eenalt\u0103 calitate iar rezisten\u0163a la uzur\u0103 este completat\u0103 de nisipul cuar\u0163os inclus \u00een compozi\u0163ia re\u0163etei.<\/p>\n<p>Indica\u021biile de utilizare sunt identice cu cele ale dalelor TAVERNA Gigant, diferen\u021bele const\u00e2nd \u00een dimensiunile diferite \u0219i nuan\u021bele variate de culoare.<\/p>\n<p>Datorit\u0103 dimensiunilor mai reduse ale elementelor TAVERNA Clasic, a fost posibil\u0103 crearea variantei antichizate, disponibil\u0103 \u00een trei nuan\u021be.<\/p>\n<p>Suprafa\u021ba stabil\u0103 \u0219i \u00eembin\u0103rile \u00eenguste ale elementelor, garanteaz\u0103 utilizarea \u00een siguran\u021b\u0103 a suprafe\u021bei pavate, chiar \u0219i \u00een condi\u021bii de umiditate crescut\u0103.<\/p>\n<p>Acest model poate fi livrat \u0219i cu muchiile drepte, f\u0103r\u0103 cant. \u00cen aceast\u0103 configura\u021bie, este ideal pentru spa\u021biile comerciale, inclusiv pentru zonele de acces cu c\u0103rucioare, precum \u0219i pentru terase.<\/p>\n","protected":false},"featured_media":15809,"comment_status":"closed","ping_status":"closed","template":"","meta":[],"product_brand":[],"product_cat":[78],"product_tag":[],"class_list":{"0":"post-16119","1":"product","2":"type-product","3":"status-publish","4":"has-post-thumbnail","6":"product_cat-pavaj","8":"first","9":"instock","10":"shipping-taxable","11":"product-type-simple"},"_links":{"self":[{"href":"https:\/\/nordenlor.ro\/index.php?rest_route=\/wp\/v2\/product\/16119","targetHints":{"allow":["GET"]}}],"collection":[{"href":"https:\/\/nordenlor.ro\/index.php?rest_route=\/wp\/v2\/product"}],"about":[{"href":"https:\/\/nordenlor.ro\/index.php?rest_route=\/wp\/v2\/types\/product"}],"replies":[{"embeddable":true,"href":"https:\/\/nordenlor.ro\/index.php?rest_route=%2Fwp%2Fv2%2Fcomments&post=16119"}],"version-history":[{"count":0,"href":"https:\/\/nordenlor.ro\/index.php?rest_route=\/wp\/v2\/product\/16119\/revisions"}],"wp:featuredmedia":[{"embeddable":true,"href":"https:\/\/nordenlor.ro\/index.php?rest_route=\/wp\/v2\/media\/15809"}],"wp:attachment":[{"href":"https:\/\/nordenlor.ro\/index.php?rest_route=%2Fwp%2Fv2%2Fmedia&parent=16119"}],"wp:term":[{"taxonomy":"product_brand","embeddable":true,"href":"https:\/\/nordenlor.ro\/index.php?rest_route=%2Fwp%2Fv2%2Fproduct_brand&post=16119"},{"taxonomy":"product_cat","embeddable":true,"href":"https:\/\/nordenlor.ro\/index.php?rest_route=%2Fwp%2Fv2%2Fproduct_cat&post=16119"},{"taxonomy":"product_tag","embeddable":true,"href":"https:\/\/nordenlor.ro\/index.php?rest_route=%2Fwp%2Fv2%2Fproduct_tag&post=16119"}],"curies":[{"name":"wp","href":"https:\/\/api.w.org\/{rel}","templated":true}]}}