{"id":16108,"date":"2025-05-05T20:26:26","date_gmt":"2025-05-05T20:26:26","guid":{"rendered":"https:\/\/www.nordenlor.ro\/?post_type=product&#038;p=16108"},"modified":"2025-05-15T08:32:06","modified_gmt":"2025-05-15T08:32:06","slug":"stalp-beton-2-4m","status":"publish","type":"product","link":"https:\/\/nordenlor.ro\/?product=stalp-beton-2-4m","title":{"rendered":"Stalp beton 2.4m"},"content":{"rendered":"","protected":false},"excerpt":{"rendered":"<p class=\"\" data-start=\"132\" data-end=\"492\"><strong data-start=\"132\" data-end=\"220\">St\u00e2lp spalier din beton armat \u2013 rezisten\u021b\u0103 \u0219i versatilitate pentru orice \u00eemprejmuire<\/strong><br data-start=\"220\" data-end=\"223\" \/>St\u00e2lpii din beton armat, tip spalier, reprezint\u0103 o solu\u021bie solid\u0103 \u0219i fiabil\u0103 pentru delimitarea terenurilor, fiind utiliza\u021bi frecvent \u00een \u00eemprejmuirea viilor, livezilor, obiectivelor industriale, unit\u0103\u021bilor militare sau altor zone care necesit\u0103 protec\u021bie \u0219i stabilitate.<\/p>\n<p class=\"\" data-start=\"494\" data-end=\"711\">Datorit\u0103 structurii lor robuste, ace\u0219ti spalieri sunt ideali at\u00e2t pentru proiecte agricole, c\u00e2t \u0219i pentru aplica\u021bii industriale, oferind o combina\u021bie optim\u0103 de rezisten\u021b\u0103 mecanic\u0103 \u0219i adaptabilitate la diverse cerin\u021be.<\/p>\n<p class=\"\" data-start=\"713\" data-end=\"942\">Fabrica\u021bi din beton de clas\u0103 C16\/20 sau C18\/22.5 \u0219i \u00eent\u0103ri\u021bi cu arm\u0103turi din o\u021bel de calitate superioar\u0103, st\u00e2lpii sunt concepu\u021bi s\u0103 reziste \u00een condi\u021bii de mediu dificile, asigur\u00e2nd o durat\u0103 lung\u0103 de via\u021b\u0103 \u0219i o \u00eentre\u021binere minim\u0103.<\/p>\n","protected":false},"featured_media":16242,"comment_status":"closed","ping_status":"closed","template":"","meta":[],"product_brand":[],"product_cat":[77],"product_tag":[],"class_list":{"0":"post-16108","1":"product","2":"type-product","3":"status-publish","4":"has-post-thumbnail","6":"product_cat-imprejmuiri","8":"first","9":"instock","10":"shipping-taxable","11":"product-type-simple"},"_links":{"self":[{"href":"https:\/\/nordenlor.ro\/index.php?rest_route=\/wp\/v2\/product\/16108","targetHints":{"allow":["GET"]}}],"collection":[{"href":"https:\/\/nordenlor.ro\/index.php?rest_route=\/wp\/v2\/product"}],"about":[{"href":"https:\/\/nordenlor.ro\/index.php?rest_route=\/wp\/v2\/types\/product"}],"replies":[{"embeddable":true,"href":"https:\/\/nordenlor.ro\/index.php?rest_route=%2Fwp%2Fv2%2Fcomments&post=16108"}],"version-history":[{"count":0,"href":"https:\/\/nordenlor.ro\/index.php?rest_route=\/wp\/v2\/product\/16108\/revisions"}],"wp:featuredmedia":[{"embeddable":true,"href":"https:\/\/nordenlor.ro\/index.php?rest_route=\/wp\/v2\/media\/16242"}],"wp:attachment":[{"href":"https:\/\/nordenlor.ro\/index.php?rest_route=%2Fwp%2Fv2%2Fmedia&parent=16108"}],"wp:term":[{"taxonomy":"product_brand","embeddable":true,"href":"https:\/\/nordenlor.ro\/index.php?rest_route=%2Fwp%2Fv2%2Fproduct_brand&post=16108"},{"taxonomy":"product_cat","embeddable":true,"href":"https:\/\/nordenlor.ro\/index.php?rest_route=%2Fwp%2Fv2%2Fproduct_cat&post=16108"},{"taxonomy":"product_tag","embeddable":true,"href":"https:\/\/nordenlor.ro\/index.php?rest_route=%2Fwp%2Fv2%2Fproduct_tag&post=16108"}],"curies":[{"name":"wp","href":"https:\/\/api.w.org\/{rel}","templated":true}]}}