{"id":16073,"date":"2025-05-05T20:26:22","date_gmt":"2025-05-05T20:26:22","guid":{"rendered":"https:\/\/www.nordenlor.ro\/?post_type=product&#038;p=16073"},"modified":"2025-05-15T08:34:41","modified_gmt":"2025-05-15T08:34:41","slug":"panou-gard-verde-2-5m","status":"publish","type":"product","link":"https:\/\/nordenlor.ro\/?product=panou-gard-verde-2-5m","title":{"rendered":"Panou gard Verde 2.5m"},"content":{"rendered":"","protected":false},"excerpt":{"rendered":"<p class=\"\" data-start=\"124\" data-end=\"340\"><strong data-start=\"124\" data-end=\"215\">Panou de gard bordurat zincat \u2013 solu\u021bie practic\u0103 \u0219i durabil\u0103 pentru \u00eemprejmuiri diverse<\/strong><br data-start=\"215\" data-end=\"218\" \/>Panourile bordurate din s\u00e2rm\u0103 zincat\u0103 sunt extrem de versatile \u0219i pot fi utilizate \u00eentr-o gam\u0103 larg\u0103 de aplica\u021bii, precum:<\/p>\n<ul data-start=\"342\" data-end=\"623\">\n<li class=\"\" data-start=\"342\" data-end=\"400\">\n<p class=\"\" data-start=\"344\" data-end=\"400\">delimitarea gr\u0103dinilor, parcurilor sau spa\u021biilor verzi<\/p>\n<\/li>\n<li class=\"\" data-start=\"401\" data-end=\"460\">\n<p class=\"\" data-start=\"403\" data-end=\"460\">\u00eemprejmuirea drumurilor, autostr\u0103zilor \u0219i c\u0103ilor ferate<\/p>\n<\/li>\n<li class=\"\" data-start=\"461\" data-end=\"518\">\n<p class=\"\" data-start=\"463\" data-end=\"518\">protec\u021bia echipamentelor \u0219i instala\u021biilor industriale<\/p>\n<\/li>\n<li class=\"\" data-start=\"519\" data-end=\"623\">\n<p class=\"\" data-start=\"521\" data-end=\"623\">amenajarea de cote\u021be pentru p\u0103s\u0103ri, cu\u0219ti pentru animale sau alte utiliz\u0103ri \u00een func\u021bie de necesit\u0103\u021bi<\/p>\n<\/li>\n<\/ul>\n<p class=\"\" data-start=\"625\" data-end=\"823\">Realizat din s\u00e2rm\u0103 zincat\u0103 acoperit\u0103 cu strat protector verde (RAL 6005), panoul ofer\u0103 o rezisten\u021b\u0103 excelent\u0103 la coroziune, fiind ideal pentru utilizare \u00een aer liber \u0219i \u00een condi\u021bii de mediu variate.<\/p>\n","protected":false},"featured_media":16244,"comment_status":"closed","ping_status":"closed","template":"","meta":[],"product_brand":[],"product_cat":[77],"product_tag":[],"class_list":{"0":"post-16073","1":"product","2":"type-product","3":"status-publish","4":"has-post-thumbnail","6":"product_cat-imprejmuiri","8":"first","9":"instock","10":"shipping-taxable","11":"product-type-simple"},"_links":{"self":[{"href":"https:\/\/nordenlor.ro\/index.php?rest_route=\/wp\/v2\/product\/16073","targetHints":{"allow":["GET"]}}],"collection":[{"href":"https:\/\/nordenlor.ro\/index.php?rest_route=\/wp\/v2\/product"}],"about":[{"href":"https:\/\/nordenlor.ro\/index.php?rest_route=\/wp\/v2\/types\/product"}],"replies":[{"embeddable":true,"href":"https:\/\/nordenlor.ro\/index.php?rest_route=%2Fwp%2Fv2%2Fcomments&post=16073"}],"version-history":[{"count":0,"href":"https:\/\/nordenlor.ro\/index.php?rest_route=\/wp\/v2\/product\/16073\/revisions"}],"wp:featuredmedia":[{"embeddable":true,"href":"https:\/\/nordenlor.ro\/index.php?rest_route=\/wp\/v2\/media\/16244"}],"wp:attachment":[{"href":"https:\/\/nordenlor.ro\/index.php?rest_route=%2Fwp%2Fv2%2Fmedia&parent=16073"}],"wp:term":[{"taxonomy":"product_brand","embeddable":true,"href":"https:\/\/nordenlor.ro\/index.php?rest_route=%2Fwp%2Fv2%2Fproduct_brand&post=16073"},{"taxonomy":"product_cat","embeddable":true,"href":"https:\/\/nordenlor.ro\/index.php?rest_route=%2Fwp%2Fv2%2Fproduct_cat&post=16073"},{"taxonomy":"product_tag","embeddable":true,"href":"https:\/\/nordenlor.ro\/index.php?rest_route=%2Fwp%2Fv2%2Fproduct_tag&post=16073"}],"curies":[{"name":"wp","href":"https:\/\/api.w.org\/{rel}","templated":true}]}}