{"id":16066,"date":"2025-05-05T20:26:22","date_gmt":"2025-05-05T20:26:22","guid":{"rendered":"https:\/\/www.nordenlor.ro\/?post_type=product&#038;p=16066"},"modified":"2025-05-05T20:26:24","modified_gmt":"2025-05-05T20:26:24","slug":"bca-macon","status":"publish","type":"product","link":"https:\/\/nordenlor.ro\/?product=bca-macon","title":{"rendered":"BCA Macon"},"content":{"rendered":"","protected":false},"excerpt":{"rendered":"<p>BCA Macon 2,5<\/p>\n<p>Blocuri pentru realizarea zidurilor exterioare si interioare nestructurale, cu propriet\u00e4ti excelente de termoizolare si greutate redus. Pot fi utilizate si pentru ziduri structurale \u00een cazul cl\u00e4dirilor cu un singur nivel \u00een zona cu acceleratie seismic\u00e3 \u2264 0,15g (pentru mai multe detalii consultati normativele de proiectare).<br \/>\nIn functie de grosimea zidului se pot utiliza si pentru pereti exteriori monostrat (f\u0103r\u0103 izolare termic\u0103 suplimentar\u00e3).<br \/>\n\u2022 Rezistenta la compresiune: min 2.5 N\/mm2<br \/>\n\u2022 Conductivitate termic\u0103: 0,10 W\/mK<br \/>\n\u2022 Densitate aparent\u00e3 \u00een stare uscat\u0103: 400 kg\/mc<\/p>\n","protected":false},"featured_media":15793,"comment_status":"closed","ping_status":"closed","template":"","meta":[],"product_brand":[],"product_cat":[73],"product_tag":[],"class_list":{"0":"post-16066","1":"product","2":"type-product","3":"status-publish","4":"has-post-thumbnail","6":"product_cat-zidarie","8":"first","9":"instock","10":"shipping-taxable","11":"product-type-simple"},"_links":{"self":[{"href":"https:\/\/nordenlor.ro\/index.php?rest_route=\/wp\/v2\/product\/16066","targetHints":{"allow":["GET"]}}],"collection":[{"href":"https:\/\/nordenlor.ro\/index.php?rest_route=\/wp\/v2\/product"}],"about":[{"href":"https:\/\/nordenlor.ro\/index.php?rest_route=\/wp\/v2\/types\/product"}],"replies":[{"embeddable":true,"href":"https:\/\/nordenlor.ro\/index.php?rest_route=%2Fwp%2Fv2%2Fcomments&post=16066"}],"version-history":[{"count":0,"href":"https:\/\/nordenlor.ro\/index.php?rest_route=\/wp\/v2\/product\/16066\/revisions"}],"wp:featuredmedia":[{"embeddable":true,"href":"https:\/\/nordenlor.ro\/index.php?rest_route=\/wp\/v2\/media\/15793"}],"wp:attachment":[{"href":"https:\/\/nordenlor.ro\/index.php?rest_route=%2Fwp%2Fv2%2Fmedia&parent=16066"}],"wp:term":[{"taxonomy":"product_brand","embeddable":true,"href":"https:\/\/nordenlor.ro\/index.php?rest_route=%2Fwp%2Fv2%2Fproduct_brand&post=16066"},{"taxonomy":"product_cat","embeddable":true,"href":"https:\/\/nordenlor.ro\/index.php?rest_route=%2Fwp%2Fv2%2Fproduct_cat&post=16066"},{"taxonomy":"product_tag","embeddable":true,"href":"https:\/\/nordenlor.ro\/index.php?rest_route=%2Fwp%2Fv2%2Fproduct_tag&post=16066"}],"curies":[{"name":"wp","href":"https:\/\/api.w.org\/{rel}","templated":true}]}}