{"id":16062,"date":"2025-05-05T20:26:21","date_gmt":"2025-05-05T20:26:21","guid":{"rendered":"https:\/\/www.nordenlor.ro\/?post_type=product&#038;p=16062"},"modified":"2025-05-16T07:18:12","modified_gmt":"2025-05-16T07:18:12","slug":"grinda","status":"publish","type":"product","link":"https:\/\/nordenlor.ro\/?product=grinda","title":{"rendered":"Grind\u0103"},"content":{"rendered":"","protected":false},"excerpt":{"rendered":"<p class=\"\" data-start=\"81\" data-end=\"149\"><strong data-start=\"81\" data-end=\"149\">Grind\u0103 din lemn \u2013 solu\u021bie robust\u0103 pentru structuri de rezisten\u021b\u0103<\/strong><\/p>\n<p class=\"\" data-start=\"151\" data-end=\"761\">Grinda din lemn este un element structural esen\u021bial \u00een construc\u021bii, utilizat pentru realizarea cadrelor de sus\u021binere, plan\u0219eelor, acoperi\u0219urilor, podurilor sau halelor. Fabricat\u0103 din lemn de r\u0103\u0219inoase, grinda este disponibil\u0103 \u00een <strong data-start=\"380\" data-end=\"409\">variant\u0103 verde (neuscat\u0103)<\/strong> sau <strong data-start=\"414\" data-end=\"444\">uscat\u0103 \u00een camer\u0103 de uscare<\/strong>, \u00een multiple dimensiuni. Datorit\u0103 capacit\u0103\u021bii portante ridicate \u0219i durabilit\u0103\u021bii, este ideal\u0103 pentru aplica\u021bii unde soliditatea este prioritar\u0103. Se prelucreaz\u0103 u\u0219or \u0219i poate fi tratat\u0103 pentru a rezista \u00een medii exterioare. Grinda din lemn este o alegere fiabil\u0103 pentru proiecte at\u00e2t reziden\u021biale, c\u00e2t \u0219i industriale.<\/p>\n<p data-start=\"151\" data-end=\"761\">\n","protected":false},"featured_media":16209,"comment_status":"closed","ping_status":"closed","template":"","meta":[],"product_brand":[],"product_cat":[72],"product_tag":[],"class_list":{"0":"post-16062","1":"product","2":"type-product","3":"status-publish","4":"has-post-thumbnail","6":"product_cat-material-lemnos","8":"first","9":"instock","10":"shipping-taxable","11":"product-type-simple"},"_links":{"self":[{"href":"https:\/\/nordenlor.ro\/index.php?rest_route=\/wp\/v2\/product\/16062","targetHints":{"allow":["GET"]}}],"collection":[{"href":"https:\/\/nordenlor.ro\/index.php?rest_route=\/wp\/v2\/product"}],"about":[{"href":"https:\/\/nordenlor.ro\/index.php?rest_route=\/wp\/v2\/types\/product"}],"replies":[{"embeddable":true,"href":"https:\/\/nordenlor.ro\/index.php?rest_route=%2Fwp%2Fv2%2Fcomments&post=16062"}],"version-history":[{"count":0,"href":"https:\/\/nordenlor.ro\/index.php?rest_route=\/wp\/v2\/product\/16062\/revisions"}],"wp:featuredmedia":[{"embeddable":true,"href":"https:\/\/nordenlor.ro\/index.php?rest_route=\/wp\/v2\/media\/16209"}],"wp:attachment":[{"href":"https:\/\/nordenlor.ro\/index.php?rest_route=%2Fwp%2Fv2%2Fmedia&parent=16062"}],"wp:term":[{"taxonomy":"product_brand","embeddable":true,"href":"https:\/\/nordenlor.ro\/index.php?rest_route=%2Fwp%2Fv2%2Fproduct_brand&post=16062"},{"taxonomy":"product_cat","embeddable":true,"href":"https:\/\/nordenlor.ro\/index.php?rest_route=%2Fwp%2Fv2%2Fproduct_cat&post=16062"},{"taxonomy":"product_tag","embeddable":true,"href":"https:\/\/nordenlor.ro\/index.php?rest_route=%2Fwp%2Fv2%2Fproduct_tag&post=16062"}],"curies":[{"name":"wp","href":"https:\/\/api.w.org\/{rel}","templated":true}]}}