{"id":16060,"date":"2025-05-05T20:26:21","date_gmt":"2025-05-05T20:26:21","guid":{"rendered":"https:\/\/www.nordenlor.ro\/?post_type=product&#038;p=16060"},"modified":"2025-05-16T07:15:59","modified_gmt":"2025-05-16T07:15:59","slug":"scandura","status":"publish","type":"product","link":"https:\/\/nordenlor.ro\/?product=scandura","title":{"rendered":"Sc\u00e2ndur\u0103"},"content":{"rendered":"","protected":false},"excerpt":{"rendered":"<p class=\"\" data-start=\"155\" data-end=\"235\"><strong data-start=\"155\" data-end=\"235\">Sc\u00e2ndur\u0103 uscat\u0103 sau verde \u2013 material de baz\u0103 pentru construc\u021bii \u0219i amenaj\u0103ri<\/strong><\/p>\n<p class=\"\" data-start=\"237\" data-end=\"796\">Sc\u00e2ndura este un element esen\u021bial \u00een construc\u021bii, folosit pentru acoperi\u0219uri, cofraje, podele, fa\u021bade, mobilier rustic sau diverse lucr\u0103ri de finisaj. Oferim sc\u00e2ndur\u0103 din lemn de r\u0103\u0219inoase, disponibil\u0103 \u00een <strong data-start=\"442\" data-end=\"471\">variant\u0103 verde (neuscat\u0103)<\/strong> sau <strong data-start=\"476\" data-end=\"497\">uscat\u0103 industrial<\/strong>, \u00een func\u021bie de cerin\u021bele proiectului. Produsul este disponibil \u00eentr-o varietate de dimensiuni, pentru a r\u0103spunde nevoilor at\u00e2t profesionale, c\u00e2t \u0219i personale. Datorit\u0103 rezisten\u021bei \u0219i u\u0219urin\u021bei \u00een prelucrare, sc\u00e2ndura este ideal\u0103 pentru lucr\u0103ri \u00een interior \u0219i exterior, cu protec\u021bie corespunz\u0103toare.<\/p>\n","protected":false},"featured_media":16215,"comment_status":"closed","ping_status":"closed","template":"","meta":[],"product_brand":[],"product_cat":[72],"product_tag":[],"class_list":{"0":"post-16060","1":"product","2":"type-product","3":"status-publish","4":"has-post-thumbnail","6":"product_cat-material-lemnos","8":"first","9":"instock","10":"shipping-taxable","11":"product-type-simple"},"_links":{"self":[{"href":"https:\/\/nordenlor.ro\/index.php?rest_route=\/wp\/v2\/product\/16060","targetHints":{"allow":["GET"]}}],"collection":[{"href":"https:\/\/nordenlor.ro\/index.php?rest_route=\/wp\/v2\/product"}],"about":[{"href":"https:\/\/nordenlor.ro\/index.php?rest_route=\/wp\/v2\/types\/product"}],"replies":[{"embeddable":true,"href":"https:\/\/nordenlor.ro\/index.php?rest_route=%2Fwp%2Fv2%2Fcomments&post=16060"}],"version-history":[{"count":0,"href":"https:\/\/nordenlor.ro\/index.php?rest_route=\/wp\/v2\/product\/16060\/revisions"}],"wp:featuredmedia":[{"embeddable":true,"href":"https:\/\/nordenlor.ro\/index.php?rest_route=\/wp\/v2\/media\/16215"}],"wp:attachment":[{"href":"https:\/\/nordenlor.ro\/index.php?rest_route=%2Fwp%2Fv2%2Fmedia&parent=16060"}],"wp:term":[{"taxonomy":"product_brand","embeddable":true,"href":"https:\/\/nordenlor.ro\/index.php?rest_route=%2Fwp%2Fv2%2Fproduct_brand&post=16060"},{"taxonomy":"product_cat","embeddable":true,"href":"https:\/\/nordenlor.ro\/index.php?rest_route=%2Fwp%2Fv2%2Fproduct_cat&post=16060"},{"taxonomy":"product_tag","embeddable":true,"href":"https:\/\/nordenlor.ro\/index.php?rest_route=%2Fwp%2Fv2%2Fproduct_tag&post=16060"}],"curies":[{"name":"wp","href":"https:\/\/api.w.org\/{rel}","templated":true}]}}