{"id":16059,"date":"2025-05-05T20:26:21","date_gmt":"2025-05-05T20:26:21","guid":{"rendered":"https:\/\/www.nordenlor.ro\/?post_type=product&#038;p=16059"},"modified":"2025-05-16T07:14:51","modified_gmt":"2025-05-16T07:14:51","slug":"leat","status":"publish","type":"product","link":"https:\/\/nordenlor.ro\/?product=leat","title":{"rendered":"Lea\u021b"},"content":{"rendered":"","protected":false},"excerpt":{"rendered":"<p class=\"\" data-start=\"133\" data-end=\"203\"><strong data-start=\"133\" data-end=\"203\">Lea\u021b uscat sau verde \u2013 lemn versatil pentru construc\u021bii \u0219i finisaje<\/strong><\/p>\n<p class=\"\" data-start=\"205\" data-end=\"777\">Lea\u021bul este un material esen\u021bial \u00een domeniul construc\u021biilor, utilizat frecvent pentru acoperi\u0219uri, cofraje, structuri u\u0219oare, dar \u0219i pentru lucr\u0103ri de finisaj sau t\u00e2mpl\u0103rie. Disponibil at\u00e2t \u00een variant\u0103 <strong data-start=\"406\" data-end=\"425\">verde (neuscat)<\/strong>, c\u00e2t \u0219i <strong data-start=\"434\" data-end=\"463\">uscat \u00een camer\u0103 de uscare<\/strong>, le\u021bul ofer\u0103 flexibilitate \u00een func\u021bie de necesit\u0103\u021bile proiectului. Punem la dispozi\u021bie o gam\u0103 variat\u0103 de dimensiuni, potrivite pentru multiple aplica\u021bii. Fabricat din lemn de r\u0103\u0219inoase, produsul este rezistent, u\u0219or de prelucrat \u0219i poate fi folosit at\u00e2t \u00een mediul interior, c\u00e2t \u0219i exterior, cu protec\u021bia adecvat\u0103.<\/p>\n","protected":false},"featured_media":16216,"comment_status":"closed","ping_status":"closed","template":"","meta":[],"product_brand":[],"product_cat":[72],"product_tag":[],"class_list":{"0":"post-16059","1":"product","2":"type-product","3":"status-publish","4":"has-post-thumbnail","6":"product_cat-material-lemnos","8":"first","9":"instock","10":"shipping-taxable","11":"product-type-simple"},"_links":{"self":[{"href":"https:\/\/nordenlor.ro\/index.php?rest_route=\/wp\/v2\/product\/16059","targetHints":{"allow":["GET"]}}],"collection":[{"href":"https:\/\/nordenlor.ro\/index.php?rest_route=\/wp\/v2\/product"}],"about":[{"href":"https:\/\/nordenlor.ro\/index.php?rest_route=\/wp\/v2\/types\/product"}],"replies":[{"embeddable":true,"href":"https:\/\/nordenlor.ro\/index.php?rest_route=%2Fwp%2Fv2%2Fcomments&post=16059"}],"version-history":[{"count":0,"href":"https:\/\/nordenlor.ro\/index.php?rest_route=\/wp\/v2\/product\/16059\/revisions"}],"wp:featuredmedia":[{"embeddable":true,"href":"https:\/\/nordenlor.ro\/index.php?rest_route=\/wp\/v2\/media\/16216"}],"wp:attachment":[{"href":"https:\/\/nordenlor.ro\/index.php?rest_route=%2Fwp%2Fv2%2Fmedia&parent=16059"}],"wp:term":[{"taxonomy":"product_brand","embeddable":true,"href":"https:\/\/nordenlor.ro\/index.php?rest_route=%2Fwp%2Fv2%2Fproduct_brand&post=16059"},{"taxonomy":"product_cat","embeddable":true,"href":"https:\/\/nordenlor.ro\/index.php?rest_route=%2Fwp%2Fv2%2Fproduct_cat&post=16059"},{"taxonomy":"product_tag","embeddable":true,"href":"https:\/\/nordenlor.ro\/index.php?rest_route=%2Fwp%2Fv2%2Fproduct_tag&post=16059"}],"curies":[{"name":"wp","href":"https:\/\/api.w.org\/{rel}","templated":true}]}}