{"id":16058,"date":"2025-05-05T20:26:21","date_gmt":"2025-05-05T20:26:21","guid":{"rendered":"https:\/\/www.nordenlor.ro\/?post_type=product&#038;p=16058"},"modified":"2025-05-05T20:26:23","modified_gmt":"2025-05-05T20:26:23","slug":"bilka-clasic","status":"publish","type":"product","link":"https:\/\/nordenlor.ro\/?product=bilka-clasic","title":{"rendered":"Bilka Clasic"},"content":{"rendered":"","protected":false},"excerpt":{"rendered":"<p>\u021aigla metalic\u0103 CLASIC este profilat\u0103 din o\u021bel de grosime \u00eentre 0,40 \u0219i 0,60 mm, zincat (Z225-Z275), acoperit cu un strat de vopsea \u00een variant\u0103 lucioas\u0103 \u0219i mat\u0103.<\/p>\n<p>Acest tip de \u021bigl\u0103 metalic\u0103 este cel mai des utilizat, seam\u0103n\u0103 cu \u021biglele clasice \u0219i se folose\u0219te \u00een special la construc\u021biile cu regim reziden\u021bial. \u021aigla metalic\u0103 CLASIC se produce \u00eentr-o gam\u0103 variat\u0103 de nuan\u021be.<\/p>\n<p>Panourile de \u021bigl\u0103 metalic\u0103 se pot livra cu lungimi cuprinse \u00eentre 500 mm \u0219i 7000 mm.<\/p>\n<p>Pentru lungimi de ap\u0103 foarte mari, unde acoperirea cu un singur panou de \u021bigl\u0103 nu este recomandat\u0103, se impune folosirea a dou\u0103 sau mai multe panouri de \u021bigl\u0103 metalic\u0103. Acest aspect prevede calcularea panourilor de la partea inferioar\u0103 ca multiplu de \u021bigle, lu\u00e2nd \u00een considerare suprapunerea tehnic\u0103 de 150 mm.<\/p>\n","protected":false},"featured_media":15761,"comment_status":"closed","ping_status":"closed","template":"","meta":[],"product_brand":[88],"product_cat":[76],"product_tag":[],"class_list":{"0":"post-16058","1":"product","2":"type-product","3":"status-publish","4":"has-post-thumbnail","6":"product_brand-bilka","7":"product_cat-invelitori-metalice","9":"first","10":"instock","11":"shipping-taxable","12":"product-type-simple"},"_links":{"self":[{"href":"https:\/\/nordenlor.ro\/index.php?rest_route=\/wp\/v2\/product\/16058","targetHints":{"allow":["GET"]}}],"collection":[{"href":"https:\/\/nordenlor.ro\/index.php?rest_route=\/wp\/v2\/product"}],"about":[{"href":"https:\/\/nordenlor.ro\/index.php?rest_route=\/wp\/v2\/types\/product"}],"replies":[{"embeddable":true,"href":"https:\/\/nordenlor.ro\/index.php?rest_route=%2Fwp%2Fv2%2Fcomments&post=16058"}],"version-history":[{"count":0,"href":"https:\/\/nordenlor.ro\/index.php?rest_route=\/wp\/v2\/product\/16058\/revisions"}],"wp:featuredmedia":[{"embeddable":true,"href":"https:\/\/nordenlor.ro\/index.php?rest_route=\/wp\/v2\/media\/15761"}],"wp:attachment":[{"href":"https:\/\/nordenlor.ro\/index.php?rest_route=%2Fwp%2Fv2%2Fmedia&parent=16058"}],"wp:term":[{"taxonomy":"product_brand","embeddable":true,"href":"https:\/\/nordenlor.ro\/index.php?rest_route=%2Fwp%2Fv2%2Fproduct_brand&post=16058"},{"taxonomy":"product_cat","embeddable":true,"href":"https:\/\/nordenlor.ro\/index.php?rest_route=%2Fwp%2Fv2%2Fproduct_cat&post=16058"},{"taxonomy":"product_tag","embeddable":true,"href":"https:\/\/nordenlor.ro\/index.php?rest_route=%2Fwp%2Fv2%2Fproduct_tag&post=16058"}],"curies":[{"name":"wp","href":"https:\/\/api.w.org\/{rel}","templated":true}]}}