{"id":16050,"date":"2025-05-05T20:26:20","date_gmt":"2025-05-05T20:26:20","guid":{"rendered":"https:\/\/www.nordenlor.ro\/?post_type=product&#038;p=16050"},"modified":"2025-05-05T20:26:23","modified_gmt":"2025-05-05T20:26:23","slug":"leier-valahia","status":"publish","type":"product","link":"https:\/\/nordenlor.ro\/?product=leier-valahia","title":{"rendered":"Leier Valahia"},"content":{"rendered":"","protected":false},"excerpt":{"rendered":"<p>Tigla ceramic\u0103 Leier, modelul Valahia, reprezint\u0103 o combina\u021bie perfect\u0103 \u00eentre tradi\u021bie \u0219i modernitate, reflect\u00e2nd farmecul \u0219i caracterul autentic al regiunii Valahia. Inspirat\u0103 de bogata mo\u0219tenire cultural\u0103 \u0219i arhitectural\u0103 a acestei regiuni istorice din Rom\u00e2nia, tigla Valahia \u00eembin\u0103 tradi\u021bia cu performan\u021ba tehnologic\u0103.<\/p>\n<p>Designul s\u0103u distinctiv aduce o not\u0103 de autenticitate \u0219i caracter fiec\u0103rui acoperi\u0219, complet\u00e2nd armonios peisajul pitoresc rural.<br \/>\nAnalogia cu regiunea Valahia nu se opre\u0219te doar la aspectul estetic, ci se extinde \u0219i la caracteristicile func\u021bionale ale tiglei. \u021aigla Valahia este o \u021bigl\u0103 cu o expresie a identit\u0103\u021bii \u0219i tradi\u021biei rom\u00e2ne\u0219ti: robust\u0103 \u0219i rezistent\u0103, preg\u0103tit\u0103 s\u0103 fac\u0103 fa\u021b\u0103 cu brio condi\u021biilor climatice variate din Rom\u00e2nia.<\/p>\n","protected":false},"featured_media":15865,"comment_status":"closed","ping_status":"closed","template":"","meta":[],"product_brand":[81],"product_cat":[74],"product_tag":[],"class_list":{"0":"post-16050","1":"product","2":"type-product","3":"status-publish","4":"has-post-thumbnail","6":"product_brand-leier","7":"product_cat-invelitori-ceramice","9":"first","10":"instock","11":"shipping-taxable","12":"product-type-simple"},"_links":{"self":[{"href":"https:\/\/nordenlor.ro\/index.php?rest_route=\/wp\/v2\/product\/16050","targetHints":{"allow":["GET"]}}],"collection":[{"href":"https:\/\/nordenlor.ro\/index.php?rest_route=\/wp\/v2\/product"}],"about":[{"href":"https:\/\/nordenlor.ro\/index.php?rest_route=\/wp\/v2\/types\/product"}],"replies":[{"embeddable":true,"href":"https:\/\/nordenlor.ro\/index.php?rest_route=%2Fwp%2Fv2%2Fcomments&post=16050"}],"version-history":[{"count":0,"href":"https:\/\/nordenlor.ro\/index.php?rest_route=\/wp\/v2\/product\/16050\/revisions"}],"wp:featuredmedia":[{"embeddable":true,"href":"https:\/\/nordenlor.ro\/index.php?rest_route=\/wp\/v2\/media\/15865"}],"wp:attachment":[{"href":"https:\/\/nordenlor.ro\/index.php?rest_route=%2Fwp%2Fv2%2Fmedia&parent=16050"}],"wp:term":[{"taxonomy":"product_brand","embeddable":true,"href":"https:\/\/nordenlor.ro\/index.php?rest_route=%2Fwp%2Fv2%2Fproduct_brand&post=16050"},{"taxonomy":"product_cat","embeddable":true,"href":"https:\/\/nordenlor.ro\/index.php?rest_route=%2Fwp%2Fv2%2Fproduct_cat&post=16050"},{"taxonomy":"product_tag","embeddable":true,"href":"https:\/\/nordenlor.ro\/index.php?rest_route=%2Fwp%2Fv2%2Fproduct_tag&post=16050"}],"curies":[{"name":"wp","href":"https:\/\/api.w.org\/{rel}","templated":true}]}}