{"id":15845,"date":"2025-05-05T19:57:16","date_gmt":"2025-05-05T19:57:16","guid":{"rendered":"https:\/\/www.nordenlor.ro\/produs\/vata-bazaltica\/"},"modified":"2025-05-15T12:48:29","modified_gmt":"2025-05-15T12:48:29","slug":"vata-bazaltica-2","status":"publish","type":"product","link":"https:\/\/nordenlor.ro\/?product=vata-bazaltica-2","title":{"rendered":"Vata bazaltica"},"content":{"rendered":"","protected":false},"excerpt":{"rendered":"<p class=\"\" data-start=\"107\" data-end=\"430\"><strong data-start=\"107\" data-end=\"199\">Vat\u0103 bazaltic\u0103 ISOVER \u2013 izola\u021bie profesional\u0103 pentru protec\u021bie termic\u0103, fonic\u0103 \u0219i la foc<\/strong><br data-start=\"199\" data-end=\"202\" \/>Vata bazaltic\u0103 ISOVER este un material izolator de \u00eenalt\u0103 calitate, realizat din roci vulcanice naturale, destinat aplica\u021biilor unde se cere performan\u021b\u0103 ridicat\u0103 \u00een izolare termic\u0103, acustic\u0103 \u0219i protec\u021bie \u00eempotriva incendiilor.<\/p>\n<p class=\"\" data-start=\"432\" data-end=\"766\">Datorit\u0103 structurii dense \u0219i fibrelor orientate, vata bazaltic\u0103 ofer\u0103 o excelent\u0103 rezisten\u021b\u0103 termic\u0103 \u0219i contribuie semnificativ la reducerea pierderilor de c\u0103ldur\u0103, ceea ce duce la economii de energie \u00een timp. Este un material incombustibil, clasificat A1 la reac\u021bia la foc, oferind o barier\u0103 suplimentar\u0103 de siguran\u021b\u0103 \u00een construc\u021bii.<\/p>\n<p class=\"\" data-start=\"768\" data-end=\"1116\">Produsul este ideal pentru fa\u021bade ventilate, pere\u021bi exteriori, acoperi\u0219uri \u00eenclinate sau plane, plan\u0219ee, compartiment\u0103ri interioare \u0219i alte structuri care necesit\u0103 izolare de \u00eenalt\u0103 performan\u021b\u0103. Pe l\u00e2ng\u0103 propriet\u0103\u021bile tehnice, vata bazaltic\u0103 ISOVER este \u0219i un material durabil, rezistent \u00een timp, cu stabilitate dimensional\u0103 \u0219i f\u0103r\u0103 risc de tasare.<\/p>\n<p class=\"\" data-start=\"1118\" data-end=\"1287\">ISOVER este un brand recunoscut interna\u021bional pentru inova\u021bie \u0219i fiabilitate, oferind solu\u021bii de izolare adaptate celor mai exigente cerin\u021be din domeniul construc\u021biilor.<\/p>\n","protected":false},"featured_media":15844,"comment_status":"closed","ping_status":"closed","template":"","meta":[],"product_brand":[],"product_cat":[84],"product_tag":[],"class_list":{"0":"post-15845","1":"product","2":"type-product","3":"status-publish","4":"has-post-thumbnail","6":"product_cat-izolatii-interioare-si-exterioare","8":"first","9":"instock","10":"shipping-taxable","11":"product-type-simple"},"_links":{"self":[{"href":"https:\/\/nordenlor.ro\/index.php?rest_route=\/wp\/v2\/product\/15845","targetHints":{"allow":["GET"]}}],"collection":[{"href":"https:\/\/nordenlor.ro\/index.php?rest_route=\/wp\/v2\/product"}],"about":[{"href":"https:\/\/nordenlor.ro\/index.php?rest_route=\/wp\/v2\/types\/product"}],"replies":[{"embeddable":true,"href":"https:\/\/nordenlor.ro\/index.php?rest_route=%2Fwp%2Fv2%2Fcomments&post=15845"}],"version-history":[{"count":0,"href":"https:\/\/nordenlor.ro\/index.php?rest_route=\/wp\/v2\/product\/15845\/revisions"}],"wp:featuredmedia":[{"embeddable":true,"href":"https:\/\/nordenlor.ro\/index.php?rest_route=\/wp\/v2\/media\/15844"}],"wp:attachment":[{"href":"https:\/\/nordenlor.ro\/index.php?rest_route=%2Fwp%2Fv2%2Fmedia&parent=15845"}],"wp:term":[{"taxonomy":"product_brand","embeddable":true,"href":"https:\/\/nordenlor.ro\/index.php?rest_route=%2Fwp%2Fv2%2Fproduct_brand&post=15845"},{"taxonomy":"product_cat","embeddable":true,"href":"https:\/\/nordenlor.ro\/index.php?rest_route=%2Fwp%2Fv2%2Fproduct_cat&post=15845"},{"taxonomy":"product_tag","embeddable":true,"href":"https:\/\/nordenlor.ro\/index.php?rest_route=%2Fwp%2Fv2%2Fproduct_tag&post=15845"}],"curies":[{"name":"wp","href":"https:\/\/api.w.org\/{rel}","templated":true}]}}