{"id":15843,"date":"2025-05-05T19:57:14","date_gmt":"2025-05-05T19:57:14","guid":{"rendered":"https:\/\/www.nordenlor.ro\/produs\/vata-minerala\/"},"modified":"2025-05-15T12:43:06","modified_gmt":"2025-05-15T12:43:06","slug":"vata-minerala-2","status":"publish","type":"product","link":"https:\/\/nordenlor.ro\/?product=vata-minerala-2","title":{"rendered":"Vata minerala"},"content":{"rendered":"","protected":false},"excerpt":{"rendered":"<p class=\"\" data-start=\"156\" data-end=\"580\"><strong data-start=\"156\" data-end=\"231\">Vat\u0103 mineral\u0103 ISOVER \u2013 izola\u021bie termic\u0103 \u0219i fonic\u0103 de \u00eenalt\u0103 performan\u021b\u0103<\/strong><br data-start=\"231\" data-end=\"234\" \/>Vata mineral\u0103 ISOVER este un material izolator de calitate superioar\u0103, folosit \u00een construc\u021bii pentru cre\u0219terea eficien\u021bei energetice \u0219i a confortului interior. Este fabricat\u0103 din fibre minerale ob\u021binute prin topirea \u0219i fibrilarea materiilor prime naturale, ceea ce \u00eei confer\u0103 excelente propriet\u0103\u021bi de izolare termic\u0103, fonic\u0103 \u0219i rezisten\u021b\u0103 la foc.<\/p>\n<p class=\"\" data-start=\"582\" data-end=\"877\">Aceast\u0103 solu\u021bie de izolare este ideal\u0103 pentru pere\u021bi, plan\u0219ee, acoperi\u0219uri, fa\u021bade, poduri sau tavane, at\u00e2t \u00een cl\u0103diri noi, c\u00e2t \u0219i \u00een lucr\u0103ri de renovare. Vata mineral\u0103 ISOVER se remarc\u0103 prin flexibilitate, manipulare u\u0219oar\u0103 \u0219i stabilitate \u00een timp, men\u021bin\u00e2ndu-\u0219i performan\u021bele f\u0103r\u0103 s\u0103 se taseze.<\/p>\n<p class=\"\" data-start=\"879\" data-end=\"1083\">Produsul este incombustibil, av\u00e2nd o clas\u0103 superioar\u0103 de reac\u021bie la foc, \u0219i contribuie activ la protec\u021bia \u00eempotriva incendiilor, precum \u0219i la reducerea zgomotelor nedorite din exterior sau \u00eentre \u00eenc\u0103peri.<\/p>\n<p class=\"\" data-start=\"1085\" data-end=\"1228\">ISOVER este un brand de \u00eencredere, recunoscut pentru calitatea materialelor sale \u0219i angajamentul fa\u021b\u0103 de sustenabilitate \u0219i protec\u021bia mediului.<\/p>\n","protected":false},"featured_media":15842,"comment_status":"closed","ping_status":"closed","template":"","meta":[],"product_brand":[],"product_cat":[84],"product_tag":[],"class_list":{"0":"post-15843","1":"product","2":"type-product","3":"status-publish","4":"has-post-thumbnail","6":"product_cat-izolatii-interioare-si-exterioare","8":"first","9":"instock","10":"shipping-taxable","11":"product-type-simple"},"_links":{"self":[{"href":"https:\/\/nordenlor.ro\/index.php?rest_route=\/wp\/v2\/product\/15843","targetHints":{"allow":["GET"]}}],"collection":[{"href":"https:\/\/nordenlor.ro\/index.php?rest_route=\/wp\/v2\/product"}],"about":[{"href":"https:\/\/nordenlor.ro\/index.php?rest_route=\/wp\/v2\/types\/product"}],"replies":[{"embeddable":true,"href":"https:\/\/nordenlor.ro\/index.php?rest_route=%2Fwp%2Fv2%2Fcomments&post=15843"}],"version-history":[{"count":0,"href":"https:\/\/nordenlor.ro\/index.php?rest_route=\/wp\/v2\/product\/15843\/revisions"}],"wp:featuredmedia":[{"embeddable":true,"href":"https:\/\/nordenlor.ro\/index.php?rest_route=\/wp\/v2\/media\/15842"}],"wp:attachment":[{"href":"https:\/\/nordenlor.ro\/index.php?rest_route=%2Fwp%2Fv2%2Fmedia&parent=15843"}],"wp:term":[{"taxonomy":"product_brand","embeddable":true,"href":"https:\/\/nordenlor.ro\/index.php?rest_route=%2Fwp%2Fv2%2Fproduct_brand&post=15843"},{"taxonomy":"product_cat","embeddable":true,"href":"https:\/\/nordenlor.ro\/index.php?rest_route=%2Fwp%2Fv2%2Fproduct_cat&post=15843"},{"taxonomy":"product_tag","embeddable":true,"href":"https:\/\/nordenlor.ro\/index.php?rest_route=%2Fwp%2Fv2%2Fproduct_tag&post=15843"}],"curies":[{"name":"wp","href":"https:\/\/api.w.org\/{rel}","templated":true}]}}