{"id":15835,"date":"2025-05-05T19:57:11","date_gmt":"2025-05-05T19:57:11","guid":{"rendered":"https:\/\/www.nordenlor.ro\/produs\/element-horn-samota\/"},"modified":"2025-05-15T12:41:47","modified_gmt":"2025-05-15T12:41:47","slug":"element-horn-samota-2","status":"publish","type":"product","link":"https:\/\/nordenlor.ro\/?product=element-horn-samota-2","title":{"rendered":"Element horn samota"},"content":{"rendered":"","protected":false},"excerpt":{"rendered":"<p class=\"\" data-start=\"132\" data-end=\"583\"><strong data-start=\"132\" data-end=\"226\">Element de horn din \u0219amot\u0103 \u2013 solu\u021bie sigur\u0103 \u0219i durabil\u0103 pentru evacuarea gazelor fierbin\u021bi<\/strong><br data-start=\"226\" data-end=\"229\" \/>Elementul de horn din \u0219amot\u0103 este conceput special pentru realizarea sistemelor de evacuare a fumului \u0219i gazelor arse provenite din sobe, \u0219eminee, centrale termice sau cuptoare. Fabricat din materiale refractare cu con\u021binut ridicat de \u0219amot\u0103, acest element ofer\u0103 o rezisten\u021b\u0103 excelent\u0103 la temperaturi ridicate, coroziune chimic\u0103 \u0219i condens acido-coroziv.<\/p>\n<p class=\"\" data-start=\"585\" data-end=\"820\">Datorit\u0103 propriet\u0103\u021bilor sale izolatoare \u0219i structurii durabile, elementul de horn din \u0219amot\u0103 contribuie la func\u021bionarea sigur\u0103 \u0219i eficient\u0103 a sistemului de \u00eenc\u0103lzire, protej\u00e2nd structura cl\u0103dirii \u0219i \u00eembun\u0103t\u0103\u021bind tirajul co\u0219ului de fum.<\/p>\n<p class=\"\" data-start=\"822\" data-end=\"987\">Se monteaz\u0103 cu mortar refractar, \u00een cadrul unui sistem complet de co\u0219 de fum, \u0219i este compatibil cu diverse tipuri de combustibil: lemn, brichete, c\u0103rbune sau gaz.<\/p>\n<p class=\"\" data-start=\"989\" data-end=\"1094\">Este recomandat at\u00e2t pentru construc\u021bii noi, c\u00e2t \u0219i pentru reabilitarea sistemelor de evacuare existente.<\/p>\n","protected":false},"featured_media":15834,"comment_status":"closed","ping_status":"closed","template":"","meta":[],"product_brand":[],"product_cat":[85],"product_tag":[],"class_list":{"0":"post-15835","1":"product","2":"type-product","3":"status-publish","4":"has-post-thumbnail","6":"product_cat-hornuri","8":"first","9":"instock","10":"shipping-taxable","11":"product-type-simple"},"_links":{"self":[{"href":"https:\/\/nordenlor.ro\/index.php?rest_route=\/wp\/v2\/product\/15835","targetHints":{"allow":["GET"]}}],"collection":[{"href":"https:\/\/nordenlor.ro\/index.php?rest_route=\/wp\/v2\/product"}],"about":[{"href":"https:\/\/nordenlor.ro\/index.php?rest_route=\/wp\/v2\/types\/product"}],"replies":[{"embeddable":true,"href":"https:\/\/nordenlor.ro\/index.php?rest_route=%2Fwp%2Fv2%2Fcomments&post=15835"}],"version-history":[{"count":0,"href":"https:\/\/nordenlor.ro\/index.php?rest_route=\/wp\/v2\/product\/15835\/revisions"}],"wp:featuredmedia":[{"embeddable":true,"href":"https:\/\/nordenlor.ro\/index.php?rest_route=\/wp\/v2\/media\/15834"}],"wp:attachment":[{"href":"https:\/\/nordenlor.ro\/index.php?rest_route=%2Fwp%2Fv2%2Fmedia&parent=15835"}],"wp:term":[{"taxonomy":"product_brand","embeddable":true,"href":"https:\/\/nordenlor.ro\/index.php?rest_route=%2Fwp%2Fv2%2Fproduct_brand&post=15835"},{"taxonomy":"product_cat","embeddable":true,"href":"https:\/\/nordenlor.ro\/index.php?rest_route=%2Fwp%2Fv2%2Fproduct_cat&post=15835"},{"taxonomy":"product_tag","embeddable":true,"href":"https:\/\/nordenlor.ro\/index.php?rest_route=%2Fwp%2Fv2%2Fproduct_tag&post=15835"}],"curies":[{"name":"wp","href":"https:\/\/api.w.org\/{rel}","templated":true}]}}