{"id":15833,"date":"2025-05-05T19:57:10","date_gmt":"2025-05-05T19:57:10","guid":{"rendered":"https:\/\/www.nordenlor.ro\/produs\/caramida-samota\/"},"modified":"2025-05-15T12:39:40","modified_gmt":"2025-05-15T12:39:40","slug":"caramida-samota-2","status":"publish","type":"product","link":"https:\/\/nordenlor.ro\/?product=caramida-samota-2","title":{"rendered":"Caramida samota"},"content":{"rendered":"","protected":false},"excerpt":{"rendered":"<p class=\"\" data-start=\"138\" data-end=\"591\"><strong data-start=\"138\" data-end=\"228\">C\u0103r\u0103mid\u0103 \u0219amot\u0103 \u2013 rezisten\u021b\u0103 termic\u0103 pentru construc\u021bii expuse la temperaturi ridicate<\/strong><br data-start=\"228\" data-end=\"231\" \/>C\u0103r\u0103mida \u0219amot\u0103 este un material special conceput pentru utilizare \u00een zonele expuse la temperaturi extreme, fiind ideal\u0103 pentru realizarea sobelor, cuptoarelor, gr\u0103tarelor, \u0219emineelor sau a camerelor de ardere. Aceasta este fabricat\u0103 dintr-un amestec de argil\u0103 refractar\u0103 \u0219i \u0219amot\u0103, un material cu propriet\u0103\u021bi excelente de izolare termic\u0103 \u0219i rezisten\u021b\u0103 la foc.<\/p>\n<p class=\"\" data-start=\"593\" data-end=\"914\">Datorit\u0103 compozi\u021biei sale, c\u0103r\u0103mida \u0219amot\u0103 \u00ee\u0219i p\u0103streaz\u0103 integritatea structural\u0103 la temperaturi foarte \u00eenalte, oferind durabilitate \u0219i siguran\u021b\u0103 \u00een exploatare. Este recomandat\u0103 pentru lucr\u0103ri unde condi\u021biile termice dep\u0103\u0219esc limitele materialelor obi\u0219nuite, contribuind la eficien\u021ba \u0219i performan\u021ba instala\u021biilor termice.<\/p>\n<p class=\"\" data-start=\"916\" data-end=\"1100\">C\u0103r\u0103mida \u0219amot\u0103 se monteaz\u0103 cu mortar refractar, specific pentru aplica\u021bii termice, \u0219i necesit\u0103 respectarea indica\u021biilor tehnice pentru o func\u021bionare optim\u0103 \u0219i o durat\u0103 lung\u0103 de via\u021b\u0103.<\/p>\n","protected":false},"featured_media":15832,"comment_status":"closed","ping_status":"closed","template":"","meta":[],"product_brand":[],"product_cat":[85],"product_tag":[],"class_list":{"0":"post-15833","1":"product","2":"type-product","3":"status-publish","4":"has-post-thumbnail","6":"product_cat-hornuri","8":"first","9":"instock","10":"shipping-taxable","11":"product-type-simple"},"_links":{"self":[{"href":"https:\/\/nordenlor.ro\/index.php?rest_route=\/wp\/v2\/product\/15833","targetHints":{"allow":["GET"]}}],"collection":[{"href":"https:\/\/nordenlor.ro\/index.php?rest_route=\/wp\/v2\/product"}],"about":[{"href":"https:\/\/nordenlor.ro\/index.php?rest_route=\/wp\/v2\/types\/product"}],"replies":[{"embeddable":true,"href":"https:\/\/nordenlor.ro\/index.php?rest_route=%2Fwp%2Fv2%2Fcomments&post=15833"}],"version-history":[{"count":0,"href":"https:\/\/nordenlor.ro\/index.php?rest_route=\/wp\/v2\/product\/15833\/revisions"}],"wp:featuredmedia":[{"embeddable":true,"href":"https:\/\/nordenlor.ro\/index.php?rest_route=\/wp\/v2\/media\/15832"}],"wp:attachment":[{"href":"https:\/\/nordenlor.ro\/index.php?rest_route=%2Fwp%2Fv2%2Fmedia&parent=15833"}],"wp:term":[{"taxonomy":"product_brand","embeddable":true,"href":"https:\/\/nordenlor.ro\/index.php?rest_route=%2Fwp%2Fv2%2Fproduct_brand&post=15833"},{"taxonomy":"product_cat","embeddable":true,"href":"https:\/\/nordenlor.ro\/index.php?rest_route=%2Fwp%2Fv2%2Fproduct_cat&post=15833"},{"taxonomy":"product_tag","embeddable":true,"href":"https:\/\/nordenlor.ro\/index.php?rest_route=%2Fwp%2Fv2%2Fproduct_tag&post=15833"}],"curies":[{"name":"wp","href":"https:\/\/api.w.org\/{rel}","templated":true}]}}