{"id":15767,"date":"2025-04-30T11:52:40","date_gmt":"2025-04-30T11:52:40","guid":{"rendered":"https:\/\/www.nordenlor.ro\/produs\/boltari-de-beton-leier\/"},"modified":"2025-05-05T21:10:34","modified_gmt":"2025-05-05T21:10:34","slug":"boltari-de-beton-leier-2","status":"publish","type":"product","link":"https:\/\/nordenlor.ro\/?product=boltari-de-beton-leier-2","title":{"rendered":"Boltari de beton Leier"},"content":{"rendered":"","protected":false},"excerpt":{"rendered":"<p>Elementele de cofraj din beton LEIER sunt elementele prefabriate ale peretilor turna\u021bi monolit. Acestea constituie cofrajul pierdut al pere\u021bilor.<\/p>\n<p>Domeniu de utilizare:<\/p>\n<p>Cu ajutorul elementelor de cofraj LEIER pot fi construite structuri din beton monolit sau beton armat cu capacitate portant\u0103 variat\u0103.<\/p>\n<p>Elementele pot fi utilizate la construirea pere\u021bilor cl\u0103dirilor industriale \u015fi agricole (de ex. socluri ale cl\u0103dirii), la edificarea construc\u0163iilor hidrotehnice (decantoare, bazine de colectare), precum \u015fi la construirea de pere\u021bi pentru subsoluri, garaje \u015fi de pere\u0163i portanti. Elementele sunt perfecte pentru socluri de gard, respectiv execu\u0163ia pere\u0163ilor de \u00eemprejmuire.<\/p>\n","protected":false},"featured_media":16189,"comment_status":"closed","ping_status":"closed","template":"","meta":[],"product_brand":[],"product_cat":[70],"product_tag":[],"class_list":{"0":"post-15767","1":"product","2":"type-product","3":"status-publish","4":"has-post-thumbnail","6":"product_cat-fundatii","8":"first","9":"instock","10":"shipping-taxable","11":"product-type-simple"},"_links":{"self":[{"href":"https:\/\/nordenlor.ro\/index.php?rest_route=\/wp\/v2\/product\/15767","targetHints":{"allow":["GET"]}}],"collection":[{"href":"https:\/\/nordenlor.ro\/index.php?rest_route=\/wp\/v2\/product"}],"about":[{"href":"https:\/\/nordenlor.ro\/index.php?rest_route=\/wp\/v2\/types\/product"}],"replies":[{"embeddable":true,"href":"https:\/\/nordenlor.ro\/index.php?rest_route=%2Fwp%2Fv2%2Fcomments&post=15767"}],"version-history":[{"count":0,"href":"https:\/\/nordenlor.ro\/index.php?rest_route=\/wp\/v2\/product\/15767\/revisions"}],"wp:featuredmedia":[{"embeddable":true,"href":"https:\/\/nordenlor.ro\/index.php?rest_route=\/wp\/v2\/media\/16189"}],"wp:attachment":[{"href":"https:\/\/nordenlor.ro\/index.php?rest_route=%2Fwp%2Fv2%2Fmedia&parent=15767"}],"wp:term":[{"taxonomy":"product_brand","embeddable":true,"href":"https:\/\/nordenlor.ro\/index.php?rest_route=%2Fwp%2Fv2%2Fproduct_brand&post=15767"},{"taxonomy":"product_cat","embeddable":true,"href":"https:\/\/nordenlor.ro\/index.php?rest_route=%2Fwp%2Fv2%2Fproduct_cat&post=15767"},{"taxonomy":"product_tag","embeddable":true,"href":"https:\/\/nordenlor.ro\/index.php?rest_route=%2Fwp%2Fv2%2Fproduct_tag&post=15767"}],"curies":[{"name":"wp","href":"https:\/\/api.w.org\/{rel}","templated":true}]}}