{"id":15749,"date":"2025-04-30T10:46:28","date_gmt":"2025-04-30T10:46:28","guid":{"rendered":"https:\/\/www.nordenlor.ro\/produs\/tondach-twist\/"},"modified":"2025-05-05T21:10:29","modified_gmt":"2025-05-05T21:10:29","slug":"tondach-twist-2","status":"publish","type":"product","link":"https:\/\/nordenlor.ro\/?product=tondach-twist-2","title":{"rendered":"Tondach Twist"},"content":{"rendered":"","protected":false},"excerpt":{"rendered":"<p>\u021aigla ceramic\u0103 Tondach Twiston 9 (Twist) este realizat\u0103 dintr-un material deosebit de calitativ, folosind tehnologie de ultim\u0103 genera\u021bie. Acoperi\u0219urile construite cu Twiston 9 (Twist) se remarc\u0103 prin elegan\u021ba \u0219i echilibrul estetic pe care \u00eel ofer\u0103.<\/p>\n<p>Designul ondulat al suprafe\u021bei adaug\u0103 o not\u0103 distinctiv\u0103 acoperi\u0219ului, fie c\u0103 este vorba de o construc\u021bie nou\u0103 sau de o renovare.<\/p>\n<p>Modelul are o nuan\u021b\u0103 de teracot\u0103 \u0219i m\u0103soar\u0103 30 x 50 cm (l\u0103\u021bime x \u00een\u0103l\u021bime).<\/p>\n<p>Produsul beneficiaz\u0103 de o garan\u021bie de 33 de ani, \u00een conformitate cu termenii \u0219i condi\u021biile generale de garan\u021bie.<\/p>\n","protected":false},"featured_media":16187,"comment_status":"closed","ping_status":"closed","template":"","meta":[],"product_brand":[83],"product_cat":[74],"product_tag":[],"class_list":{"0":"post-15749","1":"product","2":"type-product","3":"status-publish","4":"has-post-thumbnail","6":"product_brand-tondach","7":"product_cat-invelitori-ceramice","9":"first","10":"instock","11":"shipping-taxable","12":"product-type-simple"},"_links":{"self":[{"href":"https:\/\/nordenlor.ro\/index.php?rest_route=\/wp\/v2\/product\/15749","targetHints":{"allow":["GET"]}}],"collection":[{"href":"https:\/\/nordenlor.ro\/index.php?rest_route=\/wp\/v2\/product"}],"about":[{"href":"https:\/\/nordenlor.ro\/index.php?rest_route=\/wp\/v2\/types\/product"}],"replies":[{"embeddable":true,"href":"https:\/\/nordenlor.ro\/index.php?rest_route=%2Fwp%2Fv2%2Fcomments&post=15749"}],"version-history":[{"count":0,"href":"https:\/\/nordenlor.ro\/index.php?rest_route=\/wp\/v2\/product\/15749\/revisions"}],"wp:featuredmedia":[{"embeddable":true,"href":"https:\/\/nordenlor.ro\/index.php?rest_route=\/wp\/v2\/media\/16187"}],"wp:attachment":[{"href":"https:\/\/nordenlor.ro\/index.php?rest_route=%2Fwp%2Fv2%2Fmedia&parent=15749"}],"wp:term":[{"taxonomy":"product_brand","embeddable":true,"href":"https:\/\/nordenlor.ro\/index.php?rest_route=%2Fwp%2Fv2%2Fproduct_brand&post=15749"},{"taxonomy":"product_cat","embeddable":true,"href":"https:\/\/nordenlor.ro\/index.php?rest_route=%2Fwp%2Fv2%2Fproduct_cat&post=15749"},{"taxonomy":"product_tag","embeddable":true,"href":"https:\/\/nordenlor.ro\/index.php?rest_route=%2Fwp%2Fv2%2Fproduct_tag&post=15749"}],"curies":[{"name":"wp","href":"https:\/\/api.w.org\/{rel}","templated":true}]}}