{"id":15747,"date":"2025-04-30T10:46:27","date_gmt":"2025-04-30T10:46:27","guid":{"rendered":"https:\/\/www.nordenlor.ro\/produs\/terran-danubia\/"},"modified":"2025-05-15T11:41:56","modified_gmt":"2025-05-15T11:41:56","slug":"terran-danubia-2","status":"publish","type":"product","link":"https:\/\/nordenlor.ro\/?product=terran-danubia-2","title":{"rendered":"Terran Danubia"},"content":{"rendered":"","protected":false},"excerpt":{"rendered":"<p class=\"\" data-start=\"85\" data-end=\"329\"><strong data-start=\"85\" data-end=\"164\">\u021aigl\u0103 de baz\u0103 Danubia \u2013 rezisten\u021b\u0103 \u0219i func\u021bionalitate pentru acoperi\u0219ul t\u0103u<\/strong><br data-start=\"164\" data-end=\"167\" \/>\u021aigla de baz\u0103 Danubia este proiectat\u0103 pentru acoperirea eficient\u0103 a acoperi\u0219urilor, fiind ideal\u0103 at\u00e2t pentru construc\u021bii noi, c\u00e2t \u0219i pentru lucr\u0103ri de renovare.<\/p>\n<p class=\"\" data-start=\"331\" data-end=\"553\">Produsul este realizat din mortar de ciment, un material solid \u0219i durabil, care asigur\u0103 o bun\u0103 protec\u021bie \u00eempotriva intemperiilor. \u021aigla are un finisaj mat \u0219i o culoare maro, potrivit\u0103 pentru o estetic\u0103 clasic\u0103 \u0219i elegant\u0103.<\/p>\n<p class=\"\" data-start=\"555\" data-end=\"810\">Dimensiunile unei buc\u0103\u021bi sunt de 33 x 42 cm, iar greutatea este de 4,40 kg.<br data-start=\"630\" data-end=\"633\" \/>Montajul se face prin suprapunere, iar distan\u021ba \u00eentre \u0219ipci poate varia \u00een func\u021bie de unghiul de \u00eenclinare al \u0219arpantei, pentru a asigura o fixare corect\u0103 \u0219i o acoperire optim\u0103.<\/p>\n","protected":false},"featured_media":16184,"comment_status":"closed","ping_status":"closed","template":"","meta":[],"product_brand":[82],"product_cat":[75],"product_tag":[],"class_list":{"0":"post-15747","1":"product","2":"type-product","3":"status-publish","4":"has-post-thumbnail","6":"product_brand-terran","7":"product_cat-invelitori-de-beton","9":"first","10":"instock","11":"shipping-taxable","12":"product-type-simple"},"_links":{"self":[{"href":"https:\/\/nordenlor.ro\/index.php?rest_route=\/wp\/v2\/product\/15747","targetHints":{"allow":["GET"]}}],"collection":[{"href":"https:\/\/nordenlor.ro\/index.php?rest_route=\/wp\/v2\/product"}],"about":[{"href":"https:\/\/nordenlor.ro\/index.php?rest_route=\/wp\/v2\/types\/product"}],"replies":[{"embeddable":true,"href":"https:\/\/nordenlor.ro\/index.php?rest_route=%2Fwp%2Fv2%2Fcomments&post=15747"}],"version-history":[{"count":0,"href":"https:\/\/nordenlor.ro\/index.php?rest_route=\/wp\/v2\/product\/15747\/revisions"}],"wp:featuredmedia":[{"embeddable":true,"href":"https:\/\/nordenlor.ro\/index.php?rest_route=\/wp\/v2\/media\/16184"}],"wp:attachment":[{"href":"https:\/\/nordenlor.ro\/index.php?rest_route=%2Fwp%2Fv2%2Fmedia&parent=15747"}],"wp:term":[{"taxonomy":"product_brand","embeddable":true,"href":"https:\/\/nordenlor.ro\/index.php?rest_route=%2Fwp%2Fv2%2Fproduct_brand&post=15747"},{"taxonomy":"product_cat","embeddable":true,"href":"https:\/\/nordenlor.ro\/index.php?rest_route=%2Fwp%2Fv2%2Fproduct_cat&post=15747"},{"taxonomy":"product_tag","embeddable":true,"href":"https:\/\/nordenlor.ro\/index.php?rest_route=%2Fwp%2Fv2%2Fproduct_tag&post=15747"}],"curies":[{"name":"wp","href":"https:\/\/api.w.org\/{rel}","templated":true}]}}