{"id":15739,"date":"2025-04-30T10:46:27","date_gmt":"2025-04-30T10:46:27","guid":{"rendered":"https:\/\/www.nordenlor.ro\/?post_type=product&#038;p=15739"},"modified":"2025-05-20T10:15:22","modified_gmt":"2025-05-20T10:15:22","slug":"creaton-rapido-2","status":"publish","type":"product","link":"https:\/\/nordenlor.ro\/?product=creaton-rapido-2","title":{"rendered":"Creaton Rapido"},"content":{"rendered":"","protected":false},"excerpt":{"rendered":"<p>\u021aigla f\u0103l\u021buit\u0103 flexibil\u0103 \u00een megaformat.<\/p>\n<p>Model tradi\u021bional marcant \u00een format XXL<br \/>\nFlexibilitate sporit\u0103 \u0219i montare simplificat\u0103 datorit\u0103 spa\u021biului mare de deplasare de 44 mm<br \/>\nRaport pre\u021b-performan\u021b\u0103 de top cu circa 8,1 buc\u0103\u021bi\/m\u00b2<br \/>\nNervurile de sus\u021binere asigur\u0103 rezisten\u021b\u0103 static\u0103 \u00eembun\u0103t\u0103\u021bit\u0103 \u0219i evacuarea oric\u0103rei forme de ap\u0103 de condens<br \/>\n\u201eTehnica de labirint\u201d cu cinci nervuri laterale special formate \u0219i deosebit de pronun\u021bate \u00eempiedic\u0103 p\u0103trunderea apei pluviale chiar \u0219i \u00een caz de rafale puternice v\u00e2nt.<\/p>\n<p><strong>GAMA DE CULORI:<\/strong><\/p>\n<p>Rosu natur<br \/>\n<img decoding=\"async\" class=\"\" src=\"https:\/\/www.creaton.ro\/_Resources\/Persistent\/0\/5\/d\/8\/05d87587d20e47d7aa32ad9f75cca2a8c79a357f\/PRO_FOT_RAP_FLA_100-natur_%23SALL_%23AINXL_%23V1-2564x2600-550x320.jpg\" alt=\"ro\u015fu natur\" width=\"199\" height=\"116\" \/><\/p>\n<p>Rosu angoba<br \/>\n<img decoding=\"async\" src=\"https:\/\/www.creaton.ro\/_Resources\/Persistent\/6\/4\/d\/1\/64d12fba74e627510b796c248f3a536d152d6bb0\/PRO_FOT_RAP_FLA_201-NUA-rot_%23SALL_%23AINXL_%23V1-2564x2600-550x320.jpg\" alt=\"NUANCE ro\u015fu angoba\" width=\"199\" height=\"116\" \/><\/p>\n<p>Rosu cupru angoba<br \/>\n<img decoding=\"async\" src=\"https:\/\/www.creaton.ro\/_Resources\/Persistent\/d\/5\/1\/d\/d51d550e12cab83730d4dc669e2c1addb0eef903\/PRO_FOT_RAP_FLA_200-NUA-kupfer_%23SALL_%23AINXL_%23V1-1756x1633-550x320.jpg\" alt=\"NUANCE ro\u015fu cupru angoba\" width=\"199\" height=\"116\" \/><\/p>\n<p>Rosu vin angoba<br \/>\n<img loading=\"lazy\" decoding=\"async\" src=\"https:\/\/www.creaton.ro\/_Resources\/Persistent\/3\/1\/1\/4\/3114b72d45687010662aa7da89b1569ce35d1a5c\/PRO_FOT_RAP_FLA_202-NUA-weinrot_%23SALL_%23AINXL_%23V1-2564x2600-550x320.jpg\" alt=\"NUANCE ro\u015fu vin angoba\" width=\"199\" height=\"116\" \/><\/p>\n<p>Maro inchis angoba<br \/>\n<img loading=\"lazy\" decoding=\"async\" src=\"https:\/\/www.creaton.ro\/_Resources\/Persistent\/2\/c\/f\/4\/2cf4b56d5ea8b74c18efbbfba21d98880f931ce3\/PRO_FOT_RAP_FLA_213-NUA-dubraun_%23SALL_%23AINXL_%23V1-1756x1633-550x320.jpg\" alt=\"NUANCE maro \u00eenchis angoba\" width=\"199\" height=\"116\" \/><\/p>\n<p>Ardezie angoba<br \/>\n<img loading=\"lazy\" decoding=\"async\" src=\"https:\/\/www.creaton.ro\/_Resources\/Persistent\/d\/8\/e\/3\/d8e3eb7a88cdd62a7ac7a7f5928230666cfda3d1\/PRO_FOT_RAP_FLA_418-NUA-schief_%23SALL_%23AINXL_%23V1-1616x1621-550x320.jpg\" alt=\"NUANCE ardezie angoba\" width=\"199\" height=\"116\" \/><\/p>\n<p>Negru angoba<br \/>\n<img loading=\"lazy\" decoding=\"async\" class=\"\" src=\"https:\/\/www.creaton.ro\/_Resources\/Persistent\/9\/d\/7\/2\/9d7276e67d63eda5a581e3b36e3b5eba74feaab8\/PRO_FOT_RAP_FLA_809-NUA-schw_%23SALL_%23AINXL_%23V1-1616x1621-550x320.jpg\" alt=\"NUANCE negru angoba\" width=\"199\" height=\"116\" \/><\/p>\n<p>Negru mat angoba<br \/>\n<img loading=\"lazy\" decoding=\"async\" class=\"\" src=\"https:\/\/www.creaton.ro\/_Resources\/Persistent\/b\/a\/e\/a\/baeab74871588c1b123263b1f363ad6850060607\/PRO_FOT_RAP_FLA_821-NUA-schw-matt_%23SALL_%23AINXL_%23V1-1616x1621-550x320.jpg\" alt=\"NUANCE negru mat angoba\" width=\"199\" height=\"116\" \/><\/p>\n","protected":false},"featured_media":15713,"comment_status":"closed","ping_status":"closed","template":"","meta":[],"product_brand":[80],"product_cat":[74],"product_tag":[],"class_list":{"0":"post-15739","1":"product","2":"type-product","3":"status-publish","4":"has-post-thumbnail","6":"product_brand-creaton","7":"product_cat-invelitori-ceramice","9":"first","10":"instock","11":"shipping-taxable","12":"product-type-simple"},"_links":{"self":[{"href":"https:\/\/nordenlor.ro\/index.php?rest_route=\/wp\/v2\/product\/15739","targetHints":{"allow":["GET"]}}],"collection":[{"href":"https:\/\/nordenlor.ro\/index.php?rest_route=\/wp\/v2\/product"}],"about":[{"href":"https:\/\/nordenlor.ro\/index.php?rest_route=\/wp\/v2\/types\/product"}],"replies":[{"embeddable":true,"href":"https:\/\/nordenlor.ro\/index.php?rest_route=%2Fwp%2Fv2%2Fcomments&post=15739"}],"version-history":[{"count":0,"href":"https:\/\/nordenlor.ro\/index.php?rest_route=\/wp\/v2\/product\/15739\/revisions"}],"wp:featuredmedia":[{"embeddable":true,"href":"https:\/\/nordenlor.ro\/index.php?rest_route=\/wp\/v2\/media\/15713"}],"wp:attachment":[{"href":"https:\/\/nordenlor.ro\/index.php?rest_route=%2Fwp%2Fv2%2Fmedia&parent=15739"}],"wp:term":[{"taxonomy":"product_brand","embeddable":true,"href":"https:\/\/nordenlor.ro\/index.php?rest_route=%2Fwp%2Fv2%2Fproduct_brand&post=15739"},{"taxonomy":"product_cat","embeddable":true,"href":"https:\/\/nordenlor.ro\/index.php?rest_route=%2Fwp%2Fv2%2Fproduct_cat&post=15739"},{"taxonomy":"product_tag","embeddable":true,"href":"https:\/\/nordenlor.ro\/index.php?rest_route=%2Fwp%2Fv2%2Fproduct_tag&post=15739"}],"curies":[{"name":"wp","href":"https:\/\/api.w.org\/{rel}","templated":true}]}}